{"id":2658,"date":"2023-06-20T21:29:45","date_gmt":"2023-06-20T18:29:45","guid":{"rendered":"https:\/\/aenea-residences.gr\/les-residences-de-luxe-aenea-appartements-a-louer\/"},"modified":"2024-09-28T09:05:02","modified_gmt":"2024-09-28T06:05:02","slug":"les-residences-de-luxe-aenea-appartements-a-louer","status":"publish","type":"page","link":"https:\/\/aenea-residences.gr\/fr\/","title":{"rendered":"Les R\u00e9sidences de Luxe Aenea &#8211; Appartements \u00e0 louer"},"content":{"rendered":"\t\t<div data-elementor-type=\"wp-page\" data-elementor-id=\"2658\" class=\"elementor elementor-2658 elementor-7\" data-elementor-post-type=\"page\">\n\t\t\t\t\t\t<section class=\"elementor-section elementor-top-section elementor-element elementor-element-74c1f632 elementor-section-full_width elementor-section-height-min-height elementor-section-content-bottom elementor-section-items-bottom elementor-section-height-default\" data-id=\"74c1f632\" data-element_type=\"section\" data-e-type=\"section\" data-settings=\"{&quot;background_background&quot;:&quot;slideshow&quot;,&quot;background_slideshow_gallery&quot;:[{&quot;id&quot;:1169,&quot;url&quot;:&quot;https:\\\/\\\/aenea-residences.gr\\\/wp-content\\\/uploads\\\/2024\\\/06\\\/banner-1a.jpg&quot;},{&quot;id&quot;:937,&quot;url&quot;:&quot;https:\\\/\\\/aenea-residences.gr\\\/wp-content\\\/uploads\\\/2024\\\/06\\\/banner-2.jpg&quot;},{&quot;id&quot;:938,&quot;url&quot;:&quot;https:\\\/\\\/aenea-residences.gr\\\/wp-content\\\/uploads\\\/2024\\\/06\\\/banner3.jpg&quot;}],&quot;background_slideshow_loop&quot;:&quot;yes&quot;,&quot;background_slideshow_slide_duration&quot;:5000,&quot;background_slideshow_slide_transition&quot;:&quot;fade&quot;,&quot;background_slideshow_transition_duration&quot;:500}\">\n\t\t\t\t\t\t<div class=\"elementor-container elementor-column-gap-no\">\n\t\t\t\t\t<div class=\"elementor-column elementor-col-100 elementor-top-column elementor-element elementor-element-440fe549\" data-id=\"440fe549\" data-element_type=\"column\" data-e-type=\"column\">\n\t\t\t<div class=\"elementor-widget-wrap elementor-element-populated\">\n\t\t\t\t\t\t<div class=\"elementor-element elementor-element-861e2ed elementor-widget elementor-widget-theme-site-logo elementor-widget-image\" data-id=\"861e2ed\" data-element_type=\"widget\" data-e-type=\"widget\" data-widget_type=\"theme-site-logo.default\">\n\t\t\t\t<div class=\"elementor-widget-container\">\n\t\t\t\t\t\t\t\t\t\t\t<a href=\"https:\/\/aenea-residences.gr\/fr\/\">\n\t\t\t<img decoding=\"async\" width=\"1\" height=\"1\" src=\"https:\/\/aenea-residences.gr\/wp-content\/uploads\/2023\/06\/aenea-residences-logo2.svg\" class=\"attachment-thumbnail size-thumbnail wp-image-453\" alt=\"aenea residences logo\" \/>\t\t\t\t<\/a>\n\t\t\t\t\t\t\t\t\t\t\t<\/div>\n\t\t\t\t<\/div>\n\t\t\t\t<div class=\"elementor-element elementor-element-c636c66 elementor-widget__width-initial animated-slow e-transform elementor-invisible elementor-widget elementor-widget-heading\" data-id=\"c636c66\" data-element_type=\"widget\" data-e-type=\"widget\" data-settings=\"{&quot;_animation&quot;:&quot;fadeInUp&quot;,&quot;_animation_delay&quot;:80,&quot;_transform_scale_effect&quot;:{&quot;unit&quot;:&quot;px&quot;,&quot;size&quot;:0.6,&quot;sizes&quot;:[]},&quot;_transform_scale_effect_tablet&quot;:{&quot;unit&quot;:&quot;px&quot;,&quot;size&quot;:&quot;&quot;,&quot;sizes&quot;:[]},&quot;_transform_scale_effect_mobile&quot;:{&quot;unit&quot;:&quot;px&quot;,&quot;size&quot;:&quot;&quot;,&quot;sizes&quot;:[]}}\" data-widget_type=\"heading.default\">\n\t\t\t\t<div class=\"elementor-widget-container\">\n\t\t\t\t\t<h1 class=\"elementor-heading-title elementor-size-default\">Les R\u00e9sidences de Luxe Aenea<\/h1>\t\t\t\t<\/div>\n\t\t\t\t<\/div>\n\t\t\t\t\t<\/div>\n\t\t<\/div>\n\t\t\t\t\t<\/div>\n\t\t<\/section>\n\t\t\t\t<section class=\"elementor-section elementor-top-section elementor-element elementor-element-5944100 elementor-section-full_width elementor-section-height-default elementor-section-height-default\" data-id=\"5944100\" data-element_type=\"section\" data-e-type=\"section\" data-settings=\"{&quot;background_background&quot;:&quot;classic&quot;}\">\n\t\t\t\t\t\t<div class=\"elementor-container elementor-column-gap-no\">\n\t\t\t\t\t<div class=\"elementor-column elementor-col-50 elementor-top-column elementor-element elementor-element-ba00343 animated-slow elementor-hidden-tablet elementor-hidden-mobile elementor-invisible\" data-id=\"ba00343\" data-element_type=\"column\" data-e-type=\"column\" data-settings=\"{&quot;background_background&quot;:&quot;classic&quot;,&quot;animation&quot;:&quot;fadeIn&quot;}\">\n\t\t\t<div class=\"elementor-widget-wrap elementor-element-populated\">\n\t\t\t\t\t\t<div class=\"elementor-element elementor-element-ae7c0af elementor-widget elementor-widget-spacer\" data-id=\"ae7c0af\" data-element_type=\"widget\" data-e-type=\"widget\" data-widget_type=\"spacer.default\">\n\t\t\t\t<div class=\"elementor-widget-container\">\n\t\t\t\t\t\t\t<div class=\"elementor-spacer\">\n\t\t\t<div class=\"elementor-spacer-inner\"><\/div>\n\t\t<\/div>\n\t\t\t\t\t\t<\/div>\n\t\t\t\t<\/div>\n\t\t\t\t\t<\/div>\n\t\t<\/div>\n\t\t\t\t<div class=\"elementor-column elementor-col-50 elementor-top-column elementor-element elementor-element-d1aa826\" data-id=\"d1aa826\" data-element_type=\"column\" data-e-type=\"column\">\n\t\t\t<div class=\"elementor-widget-wrap elementor-element-populated\">\n\t\t\t\t\t\t<div class=\"elementor-element elementor-element-c44be55 animated-slow elementor-invisible elementor-widget elementor-widget-heading\" data-id=\"c44be55\" data-element_type=\"widget\" data-e-type=\"widget\" data-settings=\"{&quot;_animation&quot;:&quot;fadeInRight&quot;,&quot;_animation_delay&quot;:80,&quot;_animation_tablet&quot;:&quot;fadeIn&quot;}\" data-widget_type=\"heading.default\">\n\t\t\t\t<div class=\"elementor-widget-container\">\n\t\t\t\t\t<h2 class=\"elementor-heading-title elementor-size-default\">Les R\u00e9sidences de Luxe Aenea<\/h2>\t\t\t\t<\/div>\n\t\t\t\t<\/div>\n\t\t\t\t<div class=\"elementor-element elementor-element-511a9e8 animated-slow elementor-invisible elementor-widget elementor-widget-text-editor\" data-id=\"511a9e8\" data-element_type=\"widget\" data-e-type=\"widget\" data-settings=\"{&quot;_animation&quot;:&quot;fadeInRight&quot;,&quot;_animation_delay&quot;:300,&quot;_animation_tablet&quot;:&quot;fadeIn&quot;}\" data-widget_type=\"text-editor.default\">\n\t\t\t\t<div class=\"elementor-widget-container\">\n\t\t\t\t\t\t\t\t\t<p>Les R\u00e9sidences de Luxe Aenea sont situ\u00e9es dans la localit\u00e9 baln\u00e9aire de Michaniona, dans la municipalit\u00e9 de Thermaikos, o\u00f9 se trouvait la ville grecque antique <a href=\"https:\/\/el.wikipedia.org\/wiki\/%CE%91%CE%AF%CE%BD%CE%B5%CE%B9%CE%B1\" target=\"_blank\" rel=\"noopener\">d&rsquo;Aeneia<\/a>.<\/p>\n\t\t\t\t\t\t\t\t<\/div>\n\t\t\t\t<\/div>\n\t\t\t\t<div class=\"elementor-element elementor-element-5b78ed9 animated-slow elementor-invisible elementor-widget elementor-widget-text-editor\" data-id=\"5b78ed9\" data-element_type=\"widget\" data-e-type=\"widget\" data-settings=\"{&quot;_animation&quot;:&quot;fadeInRight&quot;,&quot;_animation_delay&quot;:300,&quot;_animation_tablet&quot;:&quot;fadeIn&quot;}\" data-widget_type=\"text-editor.default\">\n\t\t\t\t<div class=\"elementor-widget-container\">\n\t\t\t\t\t\t\t\t\t<p>Nous sommes une entreprise familiale qui aime et conna\u00eet chaque recoin de la r\u00e9gion.<\/p>\n<p>Le domaine se trouve \u00e0 environ 15 km de l&rsquo;a\u00e9roport \u00ab\u00a0Macedonia\u00a0\u00bb (SKG) et \u00e0 30 km du centre de Thessalonique.<\/p>\n\t\t\t\t\t\t\t\t<\/div>\n\t\t\t\t<\/div>\n\t\t\t\t<div class=\"elementor-element elementor-element-40d2489 animated-slow elementor-invisible elementor-widget elementor-widget-text-editor\" data-id=\"40d2489\" data-element_type=\"widget\" data-e-type=\"widget\" data-settings=\"{&quot;_animation&quot;:&quot;fadeInRight&quot;,&quot;_animation_delay&quot;:300,&quot;_animation_tablet&quot;:&quot;fadeIn&quot;}\" data-widget_type=\"text-editor.default\">\n\t\t\t\t<div class=\"elementor-widget-container\">\n\t\t\t\t\t\t\t\t\t<p>D\u00e8s le premier moment o\u00f9 vous arrivez sur le domaine priv\u00e9, vous constaterez qu&rsquo;il est situ\u00e9 dans un environnement verdoyant \u00e0 la fois \u00e0 l&rsquo;int\u00e9rieur du complexe et dans la zone verte environnante, et \u00e0 une tr\u00e8s courte distance de la plage de Michaniona, avec vue sur le golfe thermal et l&rsquo;unique mont Olympe.<\/p>\n<p>Dans un rayon maximum de 350 m du domaine, vous trouverez le centre de sant\u00e9 de Michaniona, une pharmacie, un grand supermarch\u00e9 \u00ab\u00a0Masoutis\u00a0\u00bb et un certain nombre de boutiques diff\u00e9rentes (restaurants, caf\u00e9s, bars).<\/p>\n<p>Le domaine se compose de 6 appartements autonomes et enti\u00e8rement \u00e9quip\u00e9s, 2 au rez-de-chauss\u00e9e avec une capacit\u00e9 de 4-5 lits et quatre au premier \u00e9tage avec une capacit\u00e9 de 2-4 lits, avec acc\u00e8s \u00e0 un espace de parking priv\u00e9, aux espaces communs et aux pi\u00e8ces de rangement auxiliaires au sous-sol.<\/p>\n<p>Les appartements au rez-de-chauss\u00e9e r\u00e9pondent aux besoins des personnes handicap\u00e9es, tandis qu&rsquo;un ascenseur est disponible pour acc\u00e9der au premier \u00e9tage.<\/p>\n\t\t\t\t\t\t\t\t<\/div>\n\t\t\t\t<\/div>\n\t\t\t\t<div class=\"elementor-element elementor-element-1bea7ec elementor-widget elementor-widget-spacer\" data-id=\"1bea7ec\" data-element_type=\"widget\" data-e-type=\"widget\" data-widget_type=\"spacer.default\">\n\t\t\t\t<div class=\"elementor-widget-container\">\n\t\t\t\t\t\t\t<div class=\"elementor-spacer\">\n\t\t\t<div class=\"elementor-spacer-inner\"><\/div>\n\t\t<\/div>\n\t\t\t\t\t\t<\/div>\n\t\t\t\t<\/div>\n\t\t\t\t\t<\/div>\n\t\t<\/div>\n\t\t\t\t\t<\/div>\n\t\t<\/section>\n\t\t\t\t<section class=\"elementor-section elementor-top-section elementor-element elementor-element-df5b31d elementor-section-full_width elementor-section-height-default elementor-section-height-default\" data-id=\"df5b31d\" data-element_type=\"section\" data-e-type=\"section\">\n\t\t\t\t\t\t<div class=\"elementor-container elementor-column-gap-no\">\n\t\t\t\t\t<div class=\"elementor-column elementor-col-100 elementor-top-column elementor-element elementor-element-7e321be\" data-id=\"7e321be\" data-element_type=\"column\" data-e-type=\"column\">\n\t\t\t<div class=\"elementor-widget-wrap elementor-element-populated\">\n\t\t\t\t\t\t<div class=\"elementor-element elementor-element-c196a54 elementor-widget elementor-widget-gallery\" data-id=\"c196a54\" data-element_type=\"widget\" data-e-type=\"widget\" data-settings=\"{&quot;columns&quot;:2,&quot;gap&quot;:{&quot;unit&quot;:&quot;px&quot;,&quot;size&quot;:0,&quot;sizes&quot;:[]},&quot;lazyload&quot;:&quot;yes&quot;,&quot;gallery_layout&quot;:&quot;grid&quot;,&quot;columns_tablet&quot;:2,&quot;columns_mobile&quot;:1,&quot;gap_tablet&quot;:{&quot;unit&quot;:&quot;px&quot;,&quot;size&quot;:10,&quot;sizes&quot;:[]},&quot;gap_mobile&quot;:{&quot;unit&quot;:&quot;px&quot;,&quot;size&quot;:10,&quot;sizes&quot;:[]},&quot;aspect_ratio&quot;:&quot;3:2&quot;,&quot;content_hover_animation&quot;:&quot;fade-in&quot;}\" data-widget_type=\"gallery.default\">\n\t\t\t\t<div class=\"elementor-widget-container\">\n\t\t\t\t\t\t\t<div class=\"elementor-gallery__container\">\n\t\t\t\t\t\t\t<div class=\"e-gallery-item elementor-gallery-item elementor-animated-content\">\n\t\t\t\t\t<div class=\"e-gallery-image elementor-gallery-item__image\" data-thumbnail=\"https:\/\/aenea-residences.gr\/wp-content\/uploads\/2024\/05\/navagio.jpg\" data-width=\"1920\" data-height=\"1439\" aria-label=\"navagio\" role=\"img\" ><\/div>\n\t\t\t\t\t\t\t\t\t\t\t\t\t\t<\/div>\n\t\t\t\t\t\t\t<div class=\"e-gallery-item elementor-gallery-item elementor-animated-content\">\n\t\t\t\t\t<div class=\"e-gallery-image elementor-gallery-item__image\" data-thumbnail=\"https:\/\/aenea-residences.gr\/wp-content\/uploads\/2024\/05\/Epanomi-Beach.jpg\" data-width=\"1920\" data-height=\"1439\" aria-label=\"\" role=\"img\" ><\/div>\n\t\t\t\t\t\t\t\t\t\t\t\t\t\t<\/div>\n\t\t\t\t\t<\/div>\n\t\t\t\t\t<\/div>\n\t\t\t\t<\/div>\n\t\t\t\t\t<\/div>\n\t\t<\/div>\n\t\t\t\t\t<\/div>\n\t\t<\/section>\n\t\t\t\t<\/div>\n\t\t","protected":false},"excerpt":{"rendered":"<p>Les R\u00e9sidences de Luxe Aenea Les R\u00e9sidences de Luxe Aenea Les R\u00e9sidences de Luxe Aenea sont situ\u00e9es dans la localit\u00e9 baln\u00e9aire de Michaniona, dans la municipalit\u00e9 de Thermaikos, o\u00f9 se trouvait la ville grecque antique d&rsquo;Aeneia. Nous sommes une entreprise familiale qui aime et conna\u00eet chaque recoin de la r\u00e9gion. Le domaine se trouve \u00e0 [&hellip;]<\/p>\n","protected":false},"author":1,"featured_media":0,"parent":0,"menu_order":0,"comment_status":"closed","ping_status":"closed","template":"","meta":{"footnotes":""},"class_list":["post-2658","page","type-page","status-publish","hentry"],"aioseo_notices":[],"_links":{"self":[{"href":"https:\/\/aenea-residences.gr\/fr\/wp-json\/wp\/v2\/pages\/2658","targetHints":{"allow":["GET"]}}],"collection":[{"href":"https:\/\/aenea-residences.gr\/fr\/wp-json\/wp\/v2\/pages"}],"about":[{"href":"https:\/\/aenea-residences.gr\/fr\/wp-json\/wp\/v2\/types\/page"}],"author":[{"embeddable":true,"href":"https:\/\/aenea-residences.gr\/fr\/wp-json\/wp\/v2\/users\/1"}],"replies":[{"embeddable":true,"href":"https:\/\/aenea-residences.gr\/fr\/wp-json\/wp\/v2\/comments?post=2658"}],"version-history":[{"count":7,"href":"https:\/\/aenea-residences.gr\/fr\/wp-json\/wp\/v2\/pages\/2658\/revisions"}],"predecessor-version":[{"id":3105,"href":"https:\/\/aenea-residences.gr\/fr\/wp-json\/wp\/v2\/pages\/2658\/revisions\/3105"}],"wp:attachment":[{"href":"https:\/\/aenea-residences.gr\/fr\/wp-json\/wp\/v2\/media?parent=2658"}],"curies":[{"name":"wp","href":"https:\/\/api.w.org\/{rel}","templated":true}]}}