{"id":3036,"date":"2024-09-28T08:28:49","date_gmt":"2024-09-28T05:28:49","guid":{"rendered":"https:\/\/aenea-residences.gr\/oroi-diamonis-katalymatos\/"},"modified":"2024-09-28T10:48:53","modified_gmt":"2024-09-28T07:48:53","slug":"oroi-diamonis-katalymatos","status":"publish","type":"page","link":"https:\/\/aenea-residences.gr\/fr\/oroi-diamonis-katalymatos\/","title":{"rendered":"Conditions d&rsquo;h\u00e9bergement"},"content":{"rendered":"\t\t<div data-elementor-type=\"wp-page\" data-elementor-id=\"3036\" class=\"elementor elementor-3036 elementor-3012\" data-elementor-post-type=\"page\">\n\t\t\t\t\t\t<section class=\"elementor-section elementor-top-section elementor-element elementor-element-6972def5 elementor-section-full_width elementor-section-height-min-height elementor-section-items-stretch elementor-section-content-bottom elementor-section-height-default\" data-id=\"6972def5\" data-element_type=\"section\" data-e-type=\"section\" data-settings=\"{&quot;background_background&quot;:&quot;classic&quot;}\">\n\t\t\t\t\t\t<div class=\"elementor-container elementor-column-gap-no\">\n\t\t\t\t\t<div class=\"elementor-column elementor-col-50 elementor-top-column elementor-element elementor-element-3f50144 elementor-invisible\" data-id=\"3f50144\" data-element_type=\"column\" data-e-type=\"column\" data-settings=\"{&quot;background_background&quot;:&quot;classic&quot;,&quot;animation&quot;:&quot;fadeIn&quot;}\">\n\t\t\t<div class=\"elementor-widget-wrap elementor-element-populated\">\n\t\t\t\t\t\t<div class=\"elementor-element elementor-element-51748106 animated-slow elementor-widget__width-initial elementor-invisible elementor-widget elementor-widget-heading\" data-id=\"51748106\" data-element_type=\"widget\" data-e-type=\"widget\" data-settings=\"{&quot;_animation&quot;:&quot;fadeInLeft&quot;}\" data-widget_type=\"heading.default\">\n\t\t\t\t<div class=\"elementor-widget-container\">\n\t\t\t\t\t<h1 class=\"elementor-heading-title elementor-size-default\">CONDITIONS D'H\u00c9BERGEMENT<\/h1>\t\t\t\t<\/div>\n\t\t\t\t<\/div>\n\t\t\t\t<div class=\"elementor-element elementor-element-677e30d5 elementor-view-default elementor-invisible elementor-widget elementor-widget-icon\" data-id=\"677e30d5\" data-element_type=\"widget\" data-e-type=\"widget\" data-settings=\"{&quot;_animation&quot;:&quot;fadeInDown&quot;}\" data-widget_type=\"icon.default\">\n\t\t\t\t<div class=\"elementor-widget-container\">\n\t\t\t\t\t\t\t<div class=\"elementor-icon-wrapper\">\n\t\t\t<a class=\"elementor-icon elementor-animation-wobble-vertical\" href=\"#arrowed\">\n\t\t\t<i aria-hidden=\"true\" class=\"fas fa-arrow-down\"><\/i>\t\t\t<\/a>\n\t\t<\/div>\n\t\t\t\t\t\t<\/div>\n\t\t\t\t<\/div>\n\t\t\t\t\t<\/div>\n\t\t<\/div>\n\t\t\t\t<div class=\"elementor-column elementor-col-25 elementor-top-column elementor-element elementor-element-2e444b4a\" data-id=\"2e444b4a\" data-element_type=\"column\" data-e-type=\"column\">\n\t\t\t<div class=\"elementor-widget-wrap elementor-element-populated\">\n\t\t\t\t\t\t<div class=\"elementor-element elementor-element-33d966eb animated-slow elementor-invisible elementor-widget elementor-widget-image\" data-id=\"33d966eb\" data-element_type=\"widget\" data-e-type=\"widget\" data-settings=\"{&quot;_animation&quot;:&quot;fadeIn&quot;,&quot;_animation_delay&quot;:20}\" data-widget_type=\"image.default\">\n\t\t\t\t<div class=\"elementor-widget-container\">\n\t\t\t\t\t\t\t\t\t\t\t\t\t\t\t<img fetchpriority=\"high\" decoding=\"async\" width=\"480\" height=\"853\" src=\"https:\/\/aenea-residences.gr\/wp-content\/uploads\/2024\/09\/Aenea-7-1.jpg\" class=\"attachment-full size-full wp-image-3017\" alt=\"\" srcset=\"https:\/\/aenea-residences.gr\/wp-content\/uploads\/2024\/09\/Aenea-7-1.jpg 480w, https:\/\/aenea-residences.gr\/wp-content\/uploads\/2024\/09\/Aenea-7-1-169x300.jpg 169w\" sizes=\"(max-width: 480px) 100vw, 480px\" \/>\t\t\t\t\t\t\t\t\t\t\t\t\t\t\t<\/div>\n\t\t\t\t<\/div>\n\t\t\t\t\t<\/div>\n\t\t<\/div>\n\t\t\t\t<div class=\"elementor-column elementor-col-25 elementor-top-column elementor-element elementor-element-4021e1fa\" data-id=\"4021e1fa\" data-element_type=\"column\" data-e-type=\"column\">\n\t\t\t<div class=\"elementor-widget-wrap elementor-element-populated\">\n\t\t\t\t\t\t<div class=\"elementor-element elementor-element-8bcc8bb elementor-widget-mobile__width-initial animated-slow elementor-widget-tablet__width-initial elementor-invisible elementor-widget elementor-widget-spacer\" data-id=\"8bcc8bb\" data-element_type=\"widget\" data-e-type=\"widget\" data-settings=\"{&quot;_animation&quot;:&quot;fadeInRight&quot;}\" data-widget_type=\"spacer.default\">\n\t\t\t\t<div class=\"elementor-widget-container\">\n\t\t\t\t\t\t\t<div class=\"elementor-spacer\">\n\t\t\t<div class=\"elementor-spacer-inner\"><\/div>\n\t\t<\/div>\n\t\t\t\t\t\t<\/div>\n\t\t\t\t<\/div>\n\t\t\t\t\t<\/div>\n\t\t<\/div>\n\t\t\t\t\t<\/div>\n\t\t<\/section>\n\t\t\t\t<section class=\"elementor-section elementor-top-section elementor-element elementor-element-912583 elementor-section-boxed elementor-section-height-default elementor-section-height-default\" data-id=\"912583\" data-element_type=\"section\" data-e-type=\"section\" data-settings=\"{&quot;background_background&quot;:&quot;classic&quot;}\">\n\t\t\t\t\t\t<div class=\"elementor-container elementor-column-gap-default\">\n\t\t\t\t\t<div class=\"elementor-column elementor-col-100 elementor-top-column elementor-element elementor-element-13d9e38f\" data-id=\"13d9e38f\" data-element_type=\"column\" data-e-type=\"column\">\n\t\t\t<div class=\"elementor-widget-wrap elementor-element-populated\">\n\t\t\t\t\t\t<div class=\"elementor-element elementor-element-7a089d41 elementor-widget elementor-widget-text-editor\" data-id=\"7a089d41\" data-element_type=\"widget\" data-e-type=\"widget\" id=\"arrowed\" data-widget_type=\"text-editor.default\">\n\t\t\t\t<div class=\"elementor-widget-container\">\n\t\t\t\t\t\t\t\t\t<ul><li>L&rsquo;utilisation de l&rsquo;\u00e9lectricit\u00e9 pour un autre usage que celui destin\u00e9 au fonctionnement de l&rsquo;appartement lui-m\u00eame (syst\u00e8mes d&rsquo;\u00e9clairage install\u00e9s, appareils \u00e9lectriques, climatisation \u2013 chauffage) est interdite.<\/li><li>Il est interdit de d\u00e9poser tout type d&rsquo;objets ou de bagages dans les espaces communs de l&rsquo;h\u00e9bergement.<\/li><li>Le d\u00e9placement des meubles de l&rsquo;appartement ou l&rsquo;ajout d&rsquo;autres meubles, percer des trous dans les murs, ainsi que l&rsquo;accrochage de posters, tableaux ou tout autre objet sur les murs de quelque mani\u00e8re que ce soit est interdit.<\/li><li>Il est interdit de garder des animaux de compagnie dans l&rsquo;h\u00e9bergement.<\/li><li>Il est interdit d&rsquo;organiser tout type de rassemblements et de diffuser de la musique \u00e0 un volume qui cause du bruit ou des nuisances aux autres clients ou aux propri\u00e9taires voisins.<\/li><li>Le client doit faire bon usage de<br \/>l&rsquo;appartement et de ses appareils.<\/li><\/ul>\t\t\t\t\t\t\t\t<\/div>\n\t\t\t\t<\/div>\n\t\t\t\t\t<\/div>\n\t\t<\/div>\n\t\t\t\t\t<\/div>\n\t\t<\/section>\n\t\t\t\t<\/div>\n\t\t","protected":false},"excerpt":{"rendered":"<p>CONDITIONS D&rsquo;H\u00c9BERGEMENT L&rsquo;utilisation de l&rsquo;\u00e9lectricit\u00e9 pour un autre usage que celui destin\u00e9 au fonctionnement de l&rsquo;appartement lui-m\u00eame (syst\u00e8mes d&rsquo;\u00e9clairage install\u00e9s, appareils \u00e9lectriques, climatisation \u2013 chauffage) est interdite. Il est interdit de d\u00e9poser tout type d&rsquo;objets ou de bagages dans les espaces communs de l&rsquo;h\u00e9bergement. Le d\u00e9placement des meubles de l&rsquo;appartement ou l&rsquo;ajout d&rsquo;autres meubles, percer [&hellip;]<\/p>\n","protected":false},"author":1,"featured_media":0,"parent":0,"menu_order":0,"comment_status":"closed","ping_status":"closed","template":"","meta":{"footnotes":""},"class_list":["post-3036","page","type-page","status-publish","hentry"],"aioseo_notices":[],"_links":{"self":[{"href":"https:\/\/aenea-residences.gr\/fr\/wp-json\/wp\/v2\/pages\/3036","targetHints":{"allow":["GET"]}}],"collection":[{"href":"https:\/\/aenea-residences.gr\/fr\/wp-json\/wp\/v2\/pages"}],"about":[{"href":"https:\/\/aenea-residences.gr\/fr\/wp-json\/wp\/v2\/types\/page"}],"author":[{"embeddable":true,"href":"https:\/\/aenea-residences.gr\/fr\/wp-json\/wp\/v2\/users\/1"}],"replies":[{"embeddable":true,"href":"https:\/\/aenea-residences.gr\/fr\/wp-json\/wp\/v2\/comments?post=3036"}],"version-history":[{"count":5,"href":"https:\/\/aenea-residences.gr\/fr\/wp-json\/wp\/v2\/pages\/3036\/revisions"}],"predecessor-version":[{"id":3363,"href":"https:\/\/aenea-residences.gr\/fr\/wp-json\/wp\/v2\/pages\/3036\/revisions\/3363"}],"wp:attachment":[{"href":"https:\/\/aenea-residences.gr\/fr\/wp-json\/wp\/v2\/media?parent=3036"}],"curies":[{"name":"wp","href":"https:\/\/api.w.org\/{rel}","templated":true}]}}