{"id":3079,"date":"2024-09-28T08:28:49","date_gmt":"2024-09-28T05:28:49","guid":{"rendered":"https:\/\/aenea-residences.gr\/oroi-diamonis-katalymatos\/"},"modified":"2024-09-28T10:44:09","modified_gmt":"2024-09-28T07:44:09","slug":"oroi-diamonis-katalymatos","status":"publish","type":"page","link":"https:\/\/aenea-residences.gr\/hu\/oroi-diamonis-katalymatos\/","title":{"rendered":"Sz\u00e1ll\u00e1s Felt\u00e9telek"},"content":{"rendered":"\t\t<div data-elementor-type=\"wp-page\" data-elementor-id=\"3079\" class=\"elementor elementor-3079 elementor-3012\" data-elementor-post-type=\"page\">\n\t\t\t\t\t\t<section class=\"elementor-section elementor-top-section elementor-element elementor-element-6972def5 elementor-section-full_width elementor-section-height-min-height elementor-section-items-stretch elementor-section-content-bottom elementor-section-height-default\" data-id=\"6972def5\" data-element_type=\"section\" data-e-type=\"section\" data-settings=\"{&quot;background_background&quot;:&quot;classic&quot;}\">\n\t\t\t\t\t\t<div class=\"elementor-container elementor-column-gap-no\">\n\t\t\t\t\t<div class=\"elementor-column elementor-col-50 elementor-top-column elementor-element elementor-element-3f50144 elementor-invisible\" data-id=\"3f50144\" data-element_type=\"column\" data-e-type=\"column\" data-settings=\"{&quot;background_background&quot;:&quot;classic&quot;,&quot;animation&quot;:&quot;fadeIn&quot;}\">\n\t\t\t<div class=\"elementor-widget-wrap elementor-element-populated\">\n\t\t\t\t\t\t<div class=\"elementor-element elementor-element-51748106 animated-slow elementor-widget__width-initial elementor-invisible elementor-widget elementor-widget-heading\" data-id=\"51748106\" data-element_type=\"widget\" data-e-type=\"widget\" data-settings=\"{&quot;_animation&quot;:&quot;fadeInLeft&quot;}\" data-widget_type=\"heading.default\">\n\t\t\t\t<div class=\"elementor-widget-container\">\n\t\t\t\t\t<h1 class=\"elementor-heading-title elementor-size-default\">SZ\u00c1LL\u00c1S FELT\u00c9TELEK<\/h1>\t\t\t\t<\/div>\n\t\t\t\t<\/div>\n\t\t\t\t<div class=\"elementor-element elementor-element-677e30d5 elementor-view-default elementor-invisible elementor-widget elementor-widget-icon\" data-id=\"677e30d5\" data-element_type=\"widget\" data-e-type=\"widget\" data-settings=\"{&quot;_animation&quot;:&quot;fadeInDown&quot;}\" data-widget_type=\"icon.default\">\n\t\t\t\t<div class=\"elementor-widget-container\">\n\t\t\t\t\t\t\t<div class=\"elementor-icon-wrapper\">\n\t\t\t<a class=\"elementor-icon elementor-animation-wobble-vertical\" href=\"#arrowed\">\n\t\t\t<i aria-hidden=\"true\" class=\"fas fa-arrow-down\"><\/i>\t\t\t<\/a>\n\t\t<\/div>\n\t\t\t\t\t\t<\/div>\n\t\t\t\t<\/div>\n\t\t\t\t\t<\/div>\n\t\t<\/div>\n\t\t\t\t<div class=\"elementor-column elementor-col-25 elementor-top-column elementor-element elementor-element-2e444b4a\" data-id=\"2e444b4a\" data-element_type=\"column\" data-e-type=\"column\">\n\t\t\t<div class=\"elementor-widget-wrap elementor-element-populated\">\n\t\t\t\t\t\t<div class=\"elementor-element elementor-element-33d966eb animated-slow elementor-invisible elementor-widget elementor-widget-image\" data-id=\"33d966eb\" data-element_type=\"widget\" data-e-type=\"widget\" data-settings=\"{&quot;_animation&quot;:&quot;fadeIn&quot;,&quot;_animation_delay&quot;:20}\" data-widget_type=\"image.default\">\n\t\t\t\t<div class=\"elementor-widget-container\">\n\t\t\t\t\t\t\t\t\t\t\t\t\t\t\t<img fetchpriority=\"high\" decoding=\"async\" width=\"480\" height=\"853\" src=\"https:\/\/aenea-residences.gr\/wp-content\/uploads\/2024\/09\/Aenea-7-1.jpg\" class=\"attachment-full size-full wp-image-3014\" alt=\"\" srcset=\"https:\/\/aenea-residences.gr\/wp-content\/uploads\/2024\/09\/Aenea-7-1.jpg 480w, https:\/\/aenea-residences.gr\/wp-content\/uploads\/2024\/09\/Aenea-7-1-169x300.jpg 169w\" sizes=\"(max-width: 480px) 100vw, 480px\" \/>\t\t\t\t\t\t\t\t\t\t\t\t\t\t\t<\/div>\n\t\t\t\t<\/div>\n\t\t\t\t\t<\/div>\n\t\t<\/div>\n\t\t\t\t<div class=\"elementor-column elementor-col-25 elementor-top-column elementor-element elementor-element-4021e1fa\" data-id=\"4021e1fa\" data-element_type=\"column\" data-e-type=\"column\">\n\t\t\t<div class=\"elementor-widget-wrap elementor-element-populated\">\n\t\t\t\t\t\t<div class=\"elementor-element elementor-element-8bcc8bb elementor-widget-mobile__width-initial animated-slow elementor-widget-tablet__width-initial elementor-invisible elementor-widget elementor-widget-spacer\" data-id=\"8bcc8bb\" data-element_type=\"widget\" data-e-type=\"widget\" data-settings=\"{&quot;_animation&quot;:&quot;fadeInRight&quot;}\" data-widget_type=\"spacer.default\">\n\t\t\t\t<div class=\"elementor-widget-container\">\n\t\t\t\t\t\t\t<div class=\"elementor-spacer\">\n\t\t\t<div class=\"elementor-spacer-inner\"><\/div>\n\t\t<\/div>\n\t\t\t\t\t\t<\/div>\n\t\t\t\t<\/div>\n\t\t\t\t\t<\/div>\n\t\t<\/div>\n\t\t\t\t\t<\/div>\n\t\t<\/section>\n\t\t\t\t<section class=\"elementor-section elementor-top-section elementor-element elementor-element-912583 elementor-section-boxed elementor-section-height-default elementor-section-height-default\" data-id=\"912583\" data-element_type=\"section\" data-e-type=\"section\" data-settings=\"{&quot;background_background&quot;:&quot;classic&quot;}\">\n\t\t\t\t\t\t<div class=\"elementor-container elementor-column-gap-default\">\n\t\t\t\t\t<div class=\"elementor-column elementor-col-100 elementor-top-column elementor-element elementor-element-13d9e38f\" data-id=\"13d9e38f\" data-element_type=\"column\" data-e-type=\"column\">\n\t\t\t<div class=\"elementor-widget-wrap elementor-element-populated\">\n\t\t\t\t\t\t<div class=\"elementor-element elementor-element-7a089d41 elementor-widget elementor-widget-text-editor\" data-id=\"7a089d41\" data-element_type=\"widget\" data-e-type=\"widget\" id=\"arrowed\" data-widget_type=\"text-editor.default\">\n\t\t\t\t<div class=\"elementor-widget-container\">\n\t\t\t\t\t\t\t\t\t<ul><li>Tilos az elektromos \u00e1ram haszn\u00e1lata m\u00e1s c\u00e9lokra, mint mag\u00e1nak a lak\u00e1snak a m\u0171k\u00f6dtet\u00e9se (telep\u00edtett vil\u00e1g\u00edt\u00e1si rendszerek, elektromos k\u00e9sz\u00fcl\u00e9kek, h\u0171t\u00e9s &#8211; f\u0171t\u00e9s).<\/li><li>Tilos b\u00e1rmilyen t\u00e1rgy vagy csomag elhelyez\u00e9se a sz\u00e1ll\u00e1s k\u00f6z\u00f6s helyis\u00e9geiben.<\/li><li>Tilos a lak\u00e1s b\u00fatorainak \u00e1thelyez\u00e9se vagy m\u00e1s b\u00fatorok hozz\u00e1ad\u00e1sa, lyukak f\u00far\u00e1sa a falakba, valamint plak\u00e1tok, k\u00e9pek vagy m\u00e1s t\u00e1rgyak falra akaszt\u00e1sa b\u00e1rmilyen m\u00f3don.<\/li><li>A sz\u00e1ll\u00e1shelyen tilos b\u00e1rmilyen h\u00e1zi\u00e1llatot tartani.<\/li><li>Tilos b\u00e1rmilyen \u00f6sszej\u00f6vetel \u00e9s a hangos zene, amely zajt vagy zavart okoz m\u00e1s vend\u00e9gek vagy szomsz\u00e9dos ingatlantulajdonosok sz\u00e1m\u00e1ra.<\/li><li>A vend\u00e9g k\u00f6teles felel\u0151ss\u00e9gteljesen haszn\u00e1lni a lak\u00e1st \u00e9s annak k\u00e9sz\u00fcl\u00e9keit.<\/li><\/ul>\t\t\t\t\t\t\t\t<\/div>\n\t\t\t\t<\/div>\n\t\t\t\t\t<\/div>\n\t\t<\/div>\n\t\t\t\t\t<\/div>\n\t\t<\/section>\n\t\t\t\t<\/div>\n\t\t","protected":false},"excerpt":{"rendered":"<p>SZ\u00c1LL\u00c1S FELT\u00c9TELEK Tilos az elektromos \u00e1ram haszn\u00e1lata m\u00e1s c\u00e9lokra, mint mag\u00e1nak a lak\u00e1snak a m\u0171k\u00f6dtet\u00e9se (telep\u00edtett vil\u00e1g\u00edt\u00e1si rendszerek, elektromos k\u00e9sz\u00fcl\u00e9kek, h\u0171t\u00e9s &#8211; f\u0171t\u00e9s). Tilos b\u00e1rmilyen t\u00e1rgy vagy csomag elhelyez\u00e9se a sz\u00e1ll\u00e1s k\u00f6z\u00f6s helyis\u00e9geiben. Tilos a lak\u00e1s b\u00fatorainak \u00e1thelyez\u00e9se vagy m\u00e1s b\u00fatorok hozz\u00e1ad\u00e1sa, lyukak f\u00far\u00e1sa a falakba, valamint plak\u00e1tok, k\u00e9pek vagy m\u00e1s t\u00e1rgyak falra akaszt\u00e1sa b\u00e1rmilyen [&hellip;]<\/p>\n","protected":false},"author":1,"featured_media":0,"parent":0,"menu_order":0,"comment_status":"closed","ping_status":"closed","template":"","meta":{"footnotes":""},"class_list":["post-3079","page","type-page","status-publish","hentry"],"aioseo_notices":[],"_links":{"self":[{"href":"https:\/\/aenea-residences.gr\/hu\/wp-json\/wp\/v2\/pages\/3079","targetHints":{"allow":["GET"]}}],"collection":[{"href":"https:\/\/aenea-residences.gr\/hu\/wp-json\/wp\/v2\/pages"}],"about":[{"href":"https:\/\/aenea-residences.gr\/hu\/wp-json\/wp\/v2\/types\/page"}],"author":[{"embeddable":true,"href":"https:\/\/aenea-residences.gr\/hu\/wp-json\/wp\/v2\/users\/1"}],"replies":[{"embeddable":true,"href":"https:\/\/aenea-residences.gr\/hu\/wp-json\/wp\/v2\/comments?post=3079"}],"version-history":[{"count":5,"href":"https:\/\/aenea-residences.gr\/hu\/wp-json\/wp\/v2\/pages\/3079\/revisions"}],"predecessor-version":[{"id":3353,"href":"https:\/\/aenea-residences.gr\/hu\/wp-json\/wp\/v2\/pages\/3079\/revisions\/3353"}],"wp:attachment":[{"href":"https:\/\/aenea-residences.gr\/hu\/wp-json\/wp\/v2\/media?parent=3079"}],"curies":[{"name":"wp","href":"https:\/\/api.w.org\/{rel}","templated":true}]}}