{"id":3102,"date":"2023-06-20T21:29:45","date_gmt":"2023-06-20T18:29:45","guid":{"rendered":"https:\/\/aenea-residences.gr\/elies-luxurious-residences-enoikiazomena-diamerismata\/"},"modified":"2024-09-28T09:10:00","modified_gmt":"2024-09-28T06:10:00","slug":"elies-luxurious-residences-enoikiazomena-diamerismata","status":"publish","type":"page","link":"https:\/\/aenea-residences.gr\/hu\/","title":{"rendered":"Aenea Luxus Lak\u00f3park"},"content":{"rendered":"\t\t<div data-elementor-type=\"wp-page\" data-elementor-id=\"3102\" class=\"elementor elementor-3102 elementor-7\" data-elementor-post-type=\"page\">\n\t\t\t\t\t\t<section class=\"elementor-section elementor-top-section elementor-element elementor-element-74c1f632 elementor-section-full_width elementor-section-height-min-height elementor-section-content-bottom elementor-section-items-bottom elementor-section-height-default\" data-id=\"74c1f632\" data-element_type=\"section\" data-e-type=\"section\" data-settings=\"{&quot;background_background&quot;:&quot;slideshow&quot;,&quot;background_slideshow_gallery&quot;:[{&quot;id&quot;:1169,&quot;url&quot;:&quot;https:\\\/\\\/aenea-residences.gr\\\/wp-content\\\/uploads\\\/2024\\\/06\\\/banner-1a.jpg&quot;},{&quot;id&quot;:937,&quot;url&quot;:&quot;https:\\\/\\\/aenea-residences.gr\\\/wp-content\\\/uploads\\\/2024\\\/06\\\/banner-2.jpg&quot;},{&quot;id&quot;:938,&quot;url&quot;:&quot;https:\\\/\\\/aenea-residences.gr\\\/wp-content\\\/uploads\\\/2024\\\/06\\\/banner3.jpg&quot;}],&quot;background_slideshow_loop&quot;:&quot;yes&quot;,&quot;background_slideshow_slide_duration&quot;:5000,&quot;background_slideshow_slide_transition&quot;:&quot;fade&quot;,&quot;background_slideshow_transition_duration&quot;:500}\">\n\t\t\t\t\t\t<div class=\"elementor-container elementor-column-gap-no\">\n\t\t\t\t\t<div class=\"elementor-column elementor-col-100 elementor-top-column elementor-element elementor-element-440fe549\" data-id=\"440fe549\" data-element_type=\"column\" data-e-type=\"column\">\n\t\t\t<div class=\"elementor-widget-wrap elementor-element-populated\">\n\t\t\t\t\t\t<div class=\"elementor-element elementor-element-861e2ed elementor-widget elementor-widget-theme-site-logo elementor-widget-image\" data-id=\"861e2ed\" data-element_type=\"widget\" data-e-type=\"widget\" data-widget_type=\"theme-site-logo.default\">\n\t\t\t\t<div class=\"elementor-widget-container\">\n\t\t\t\t\t\t\t\t\t\t\t<a href=\"https:\/\/aenea-residences.gr\/hu\/\">\n\t\t\t<img decoding=\"async\" width=\"1\" height=\"1\" src=\"https:\/\/aenea-residences.gr\/wp-content\/uploads\/2023\/06\/aenea-residences-logo2.svg\" class=\"attachment-thumbnail size-thumbnail wp-image-453\" alt=\"aenea residences logo\" \/>\t\t\t\t<\/a>\n\t\t\t\t\t\t\t\t\t\t\t<\/div>\n\t\t\t\t<\/div>\n\t\t\t\t<div class=\"elementor-element elementor-element-c636c66 elementor-widget__width-initial animated-slow e-transform elementor-invisible elementor-widget elementor-widget-heading\" data-id=\"c636c66\" data-element_type=\"widget\" data-e-type=\"widget\" data-settings=\"{&quot;_animation&quot;:&quot;fadeInUp&quot;,&quot;_animation_delay&quot;:80,&quot;_transform_scale_effect&quot;:{&quot;unit&quot;:&quot;px&quot;,&quot;size&quot;:0.6,&quot;sizes&quot;:[]},&quot;_transform_scale_effect_tablet&quot;:{&quot;unit&quot;:&quot;px&quot;,&quot;size&quot;:&quot;&quot;,&quot;sizes&quot;:[]},&quot;_transform_scale_effect_mobile&quot;:{&quot;unit&quot;:&quot;px&quot;,&quot;size&quot;:&quot;&quot;,&quot;sizes&quot;:[]}}\" data-widget_type=\"heading.default\">\n\t\t\t\t<div class=\"elementor-widget-container\">\n\t\t\t\t\t<h1 class=\"elementor-heading-title elementor-size-default\">Aenea Luxus Lak\u00f3park<\/h1>\t\t\t\t<\/div>\n\t\t\t\t<\/div>\n\t\t\t\t\t<\/div>\n\t\t<\/div>\n\t\t\t\t\t<\/div>\n\t\t<\/section>\n\t\t\t\t<section class=\"elementor-section elementor-top-section elementor-element elementor-element-5944100 elementor-section-full_width elementor-section-height-default elementor-section-height-default\" data-id=\"5944100\" data-element_type=\"section\" data-e-type=\"section\" data-settings=\"{&quot;background_background&quot;:&quot;classic&quot;}\">\n\t\t\t\t\t\t<div class=\"elementor-container elementor-column-gap-no\">\n\t\t\t\t\t<div class=\"elementor-column elementor-col-50 elementor-top-column elementor-element elementor-element-ba00343 animated-slow elementor-hidden-tablet elementor-hidden-mobile elementor-invisible\" data-id=\"ba00343\" data-element_type=\"column\" data-e-type=\"column\" data-settings=\"{&quot;background_background&quot;:&quot;classic&quot;,&quot;animation&quot;:&quot;fadeIn&quot;}\">\n\t\t\t<div class=\"elementor-widget-wrap elementor-element-populated\">\n\t\t\t\t\t\t<div class=\"elementor-element elementor-element-ae7c0af elementor-widget elementor-widget-spacer\" data-id=\"ae7c0af\" data-element_type=\"widget\" data-e-type=\"widget\" data-widget_type=\"spacer.default\">\n\t\t\t\t<div class=\"elementor-widget-container\">\n\t\t\t\t\t\t\t<div class=\"elementor-spacer\">\n\t\t\t<div class=\"elementor-spacer-inner\"><\/div>\n\t\t<\/div>\n\t\t\t\t\t\t<\/div>\n\t\t\t\t<\/div>\n\t\t\t\t\t<\/div>\n\t\t<\/div>\n\t\t\t\t<div class=\"elementor-column elementor-col-50 elementor-top-column elementor-element elementor-element-d1aa826\" data-id=\"d1aa826\" data-element_type=\"column\" data-e-type=\"column\">\n\t\t\t<div class=\"elementor-widget-wrap elementor-element-populated\">\n\t\t\t\t\t\t<div class=\"elementor-element elementor-element-c44be55 animated-slow elementor-invisible elementor-widget elementor-widget-heading\" data-id=\"c44be55\" data-element_type=\"widget\" data-e-type=\"widget\" data-settings=\"{&quot;_animation&quot;:&quot;fadeInRight&quot;,&quot;_animation_delay&quot;:80,&quot;_animation_tablet&quot;:&quot;fadeIn&quot;}\" data-widget_type=\"heading.default\">\n\t\t\t\t<div class=\"elementor-widget-container\">\n\t\t\t\t\t<h2 class=\"elementor-heading-title elementor-size-default\">Aenea Luxus Lak\u00f3park<\/h2>\t\t\t\t<\/div>\n\t\t\t\t<\/div>\n\t\t\t\t<div class=\"elementor-element elementor-element-511a9e8 animated-slow elementor-invisible elementor-widget elementor-widget-text-editor\" data-id=\"511a9e8\" data-element_type=\"widget\" data-e-type=\"widget\" data-settings=\"{&quot;_animation&quot;:&quot;fadeInRight&quot;,&quot;_animation_delay&quot;:300,&quot;_animation_tablet&quot;:&quot;fadeIn&quot;}\" data-widget_type=\"text-editor.default\">\n\t\t\t\t<div class=\"elementor-widget-container\">\n\t\t\t\t\t\t\t\t\t<p>Aenea Luxus Lak\u00f3park a Michaniona tengerparti \u00fcd\u00fcl\u0151helyen tal\u00e1lhat\u00f3, a Thermaikos k\u00f6zs\u00e9gben, ahol az \u00f3kori g\u00f6r\u00f6g <a href=\"https:\/\/el.wikipedia.org\/wiki\/%CE%91%CE%AF%CE%BD%CE%B5%CE%B9%CE%B1\" target=\"_blank\" rel=\"noopener\">Aeneia<\/a> v\u00e1rosa \u00e1llt. Mi egy olyan csal\u00e1di v\u00e1llalkoz\u00e1s vagyunk, amely szereti \u00e9s ismeri a k\u00f6rny\u00e9k minden zug\u00e1t.<\/p>\t\t\t\t\t\t\t\t<\/div>\n\t\t\t\t<\/div>\n\t\t\t\t<div class=\"elementor-element elementor-element-5b78ed9 animated-slow elementor-invisible elementor-widget elementor-widget-text-editor\" data-id=\"5b78ed9\" data-element_type=\"widget\" data-e-type=\"widget\" data-settings=\"{&quot;_animation&quot;:&quot;fadeInRight&quot;,&quot;_animation_delay&quot;:300,&quot;_animation_tablet&quot;:&quot;fadeIn&quot;}\" data-widget_type=\"text-editor.default\">\n\t\t\t\t<div class=\"elementor-widget-container\">\n\t\t\t\t\t\t\t\t\t<p>A birtok k\u00f6r\u00fclbel\u00fcl 15 km-re tal\u00e1lhat\u00f3 a &#8222;Macedonia&#8221;<br \/>rep\u00fcl\u0151t\u00e9rt\u0151l (SKG) \u00e9s 30 km-re Thessaloniki k\u00f6zpontj\u00e1t\u00f3l.<\/p><p>Az els\u0151 pillanatt\u00f3l kezdve, amikor meg\u00e9rkezik a mag\u00e1nter\u00fcletre, \u00e9szre fogja venni, hogy egy z\u00f6ld k\u00f6rnyezetben tal\u00e1lhat\u00f3 mind a komplexumon bel\u00fcl, mind a k\u00f6rnyez\u0151 z\u00f6ld ter\u00fcleten, \u00e9s nagyon r\u00f6vid t\u00e1vols\u00e1gra van a Michaniona strandj\u00e1t\u00f3l, ahonnan csod\u00e1latos kil\u00e1t\u00e1s ny\u00edlik a thermiaki \u00f6b\u00f6lre \u00e9s a csod\u00e1latos Olimposzra.<\/p>\t\t\t\t\t\t\t\t<\/div>\n\t\t\t\t<\/div>\n\t\t\t\t<div class=\"elementor-element elementor-element-40d2489 animated-slow elementor-invisible elementor-widget elementor-widget-text-editor\" data-id=\"40d2489\" data-element_type=\"widget\" data-e-type=\"widget\" data-settings=\"{&quot;_animation&quot;:&quot;fadeInRight&quot;,&quot;_animation_delay&quot;:300,&quot;_animation_tablet&quot;:&quot;fadeIn&quot;}\" data-widget_type=\"text-editor.default\">\n\t\t\t\t<div class=\"elementor-widget-container\">\n\t\t\t\t\t\t\t\t\t<p>Legfeljebb 350 m\u00e9teres sugar\u00fa k\u00f6rzetben tal\u00e1lhat\u00f3 a Michanionas Eg\u00e9szs\u00e9g\u00fcgyi K\u00f6zpont, egy gy\u00f3gyszert\u00e1r, egy nagy &#8222;Masoutis&#8221; szupermarket \u00e9s sz\u00e1mos k\u00fcl\u00f6nb\u00f6z\u0151 \u00fczlet (\u00e9ttermek, k\u00e1v\u00e9z\u00f3k, b\u00e1rok). A birtok 6 \u00f6n\u00e1ll\u00f3 \u00e9s teljesen felszerelt apartmanb\u00f3l \u00e1ll, 2 a f\u00f6ldszinten 4-5 \u00e1ggyal \u00e9s n\u00e9gy az els\u0151 emeleten 2-4 \u00e1ggyal, hozz\u00e1f\u00e9r\u00e9ssel a priv\u00e1t parkol\u00f3helyhez, a k\u00f6z\u00f6s ter\u00fcletekhez \u00e9s a pinc\u00e9ben tal\u00e1lhat\u00f3 seg\u00e9d-t\u00e1rol\u00f3helyekhez.<\/p><p>A f\u00f6ldszinti apartmanok megfelelnek a mozg\u00e1skorl\u00e1tozottak ig\u00e9nyeinek, m\u00edg az els\u0151 emeletre val\u00f3 hozz\u00e1f\u00e9r\u00e9shez lift \u00e1ll rendelkez\u00e9sre.<\/p>\t\t\t\t\t\t\t\t<\/div>\n\t\t\t\t<\/div>\n\t\t\t\t<div class=\"elementor-element elementor-element-1bea7ec elementor-widget elementor-widget-spacer\" data-id=\"1bea7ec\" data-element_type=\"widget\" data-e-type=\"widget\" data-widget_type=\"spacer.default\">\n\t\t\t\t<div class=\"elementor-widget-container\">\n\t\t\t\t\t\t\t<div class=\"elementor-spacer\">\n\t\t\t<div class=\"elementor-spacer-inner\"><\/div>\n\t\t<\/div>\n\t\t\t\t\t\t<\/div>\n\t\t\t\t<\/div>\n\t\t\t\t\t<\/div>\n\t\t<\/div>\n\t\t\t\t\t<\/div>\n\t\t<\/section>\n\t\t\t\t<section class=\"elementor-section elementor-top-section elementor-element elementor-element-df5b31d elementor-section-full_width elementor-section-height-default elementor-section-height-default\" data-id=\"df5b31d\" data-element_type=\"section\" data-e-type=\"section\">\n\t\t\t\t\t\t<div class=\"elementor-container elementor-column-gap-no\">\n\t\t\t\t\t<div class=\"elementor-column elementor-col-100 elementor-top-column elementor-element elementor-element-7e321be\" data-id=\"7e321be\" data-element_type=\"column\" data-e-type=\"column\">\n\t\t\t<div class=\"elementor-widget-wrap elementor-element-populated\">\n\t\t\t\t\t\t<div class=\"elementor-element elementor-element-c196a54 elementor-widget elementor-widget-gallery\" data-id=\"c196a54\" data-element_type=\"widget\" data-e-type=\"widget\" data-settings=\"{&quot;columns&quot;:2,&quot;gap&quot;:{&quot;unit&quot;:&quot;px&quot;,&quot;size&quot;:0,&quot;sizes&quot;:[]},&quot;lazyload&quot;:&quot;yes&quot;,&quot;gallery_layout&quot;:&quot;grid&quot;,&quot;columns_tablet&quot;:2,&quot;columns_mobile&quot;:1,&quot;gap_tablet&quot;:{&quot;unit&quot;:&quot;px&quot;,&quot;size&quot;:10,&quot;sizes&quot;:[]},&quot;gap_mobile&quot;:{&quot;unit&quot;:&quot;px&quot;,&quot;size&quot;:10,&quot;sizes&quot;:[]},&quot;aspect_ratio&quot;:&quot;3:2&quot;,&quot;content_hover_animation&quot;:&quot;fade-in&quot;}\" data-widget_type=\"gallery.default\">\n\t\t\t\t<div class=\"elementor-widget-container\">\n\t\t\t\t\t\t\t<div class=\"elementor-gallery__container\">\n\t\t\t\t\t\t\t<div class=\"e-gallery-item elementor-gallery-item elementor-animated-content\">\n\t\t\t\t\t<div class=\"e-gallery-image elementor-gallery-item__image\" data-thumbnail=\"https:\/\/aenea-residences.gr\/wp-content\/uploads\/2024\/05\/navagio.jpg\" data-width=\"1920\" data-height=\"1439\" aria-label=\"navagio\" role=\"img\" ><\/div>\n\t\t\t\t\t\t\t\t\t\t\t\t\t\t<\/div>\n\t\t\t\t\t\t\t<div class=\"e-gallery-item elementor-gallery-item elementor-animated-content\">\n\t\t\t\t\t<div class=\"e-gallery-image elementor-gallery-item__image\" data-thumbnail=\"https:\/\/aenea-residences.gr\/wp-content\/uploads\/2024\/05\/Epanomi-Beach.jpg\" data-width=\"1920\" data-height=\"1439\" aria-label=\"\" role=\"img\" ><\/div>\n\t\t\t\t\t\t\t\t\t\t\t\t\t\t<\/div>\n\t\t\t\t\t<\/div>\n\t\t\t\t\t<\/div>\n\t\t\t\t<\/div>\n\t\t\t\t\t<\/div>\n\t\t<\/div>\n\t\t\t\t\t<\/div>\n\t\t<\/section>\n\t\t\t\t<\/div>\n\t\t","protected":false},"excerpt":{"rendered":"<p>Aenea Luxus Lak\u00f3park Aenea Luxus Lak\u00f3park Aenea Luxus Lak\u00f3park a Michaniona tengerparti \u00fcd\u00fcl\u0151helyen tal\u00e1lhat\u00f3, a Thermaikos k\u00f6zs\u00e9gben, ahol az \u00f3kori g\u00f6r\u00f6g Aeneia v\u00e1rosa \u00e1llt. Mi egy olyan csal\u00e1di v\u00e1llalkoz\u00e1s vagyunk, amely szereti \u00e9s ismeri a k\u00f6rny\u00e9k minden zug\u00e1t. A birtok k\u00f6r\u00fclbel\u00fcl 15 km-re tal\u00e1lhat\u00f3 a &#8222;Macedonia&#8221;rep\u00fcl\u0151t\u00e9rt\u0151l (SKG) \u00e9s 30 km-re Thessaloniki k\u00f6zpontj\u00e1t\u00f3l. Az els\u0151 pillanatt\u00f3l [&hellip;]<\/p>\n","protected":false},"author":1,"featured_media":0,"parent":0,"menu_order":0,"comment_status":"closed","ping_status":"closed","template":"","meta":{"footnotes":""},"class_list":["post-3102","page","type-page","status-publish","hentry"],"aioseo_notices":[],"_links":{"self":[{"href":"https:\/\/aenea-residences.gr\/hu\/wp-json\/wp\/v2\/pages\/3102","targetHints":{"allow":["GET"]}}],"collection":[{"href":"https:\/\/aenea-residences.gr\/hu\/wp-json\/wp\/v2\/pages"}],"about":[{"href":"https:\/\/aenea-residences.gr\/hu\/wp-json\/wp\/v2\/types\/page"}],"author":[{"embeddable":true,"href":"https:\/\/aenea-residences.gr\/hu\/wp-json\/wp\/v2\/users\/1"}],"replies":[{"embeddable":true,"href":"https:\/\/aenea-residences.gr\/hu\/wp-json\/wp\/v2\/comments?post=3102"}],"version-history":[{"count":6,"href":"https:\/\/aenea-residences.gr\/hu\/wp-json\/wp\/v2\/pages\/3102\/revisions"}],"predecessor-version":[{"id":3121,"href":"https:\/\/aenea-residences.gr\/hu\/wp-json\/wp\/v2\/pages\/3102\/revisions\/3121"}],"wp:attachment":[{"href":"https:\/\/aenea-residences.gr\/hu\/wp-json\/wp\/v2\/media?parent=3102"}],"curies":[{"name":"wp","href":"https:\/\/api.w.org\/{rel}","templated":true}]}}