{"id":3038,"date":"2024-09-28T08:28:49","date_gmt":"2024-09-28T05:28:49","guid":{"rendered":"https:\/\/aenea-residences.gr\/oroi-diamonis-katalymatos\/"},"modified":"2024-09-28T10:55:08","modified_gmt":"2024-09-28T07:55:08","slug":"oroi-diamonis-katalymatos","status":"publish","type":"page","link":"https:\/\/aenea-residences.gr\/it\/oroi-diamonis-katalymatos\/","title":{"rendered":"Condizioni di soggiorno"},"content":{"rendered":"\t\t<div data-elementor-type=\"wp-page\" data-elementor-id=\"3038\" class=\"elementor elementor-3038 elementor-3012\" data-elementor-post-type=\"page\">\n\t\t\t\t\t\t<section class=\"elementor-section elementor-top-section elementor-element elementor-element-6972def5 elementor-section-full_width elementor-section-height-min-height elementor-section-items-stretch elementor-section-content-bottom elementor-section-height-default\" data-id=\"6972def5\" data-element_type=\"section\" data-e-type=\"section\" data-settings=\"{&quot;background_background&quot;:&quot;classic&quot;}\">\n\t\t\t\t\t\t<div class=\"elementor-container elementor-column-gap-no\">\n\t\t\t\t\t<div class=\"elementor-column elementor-col-50 elementor-top-column elementor-element elementor-element-3f50144 elementor-invisible\" data-id=\"3f50144\" data-element_type=\"column\" data-e-type=\"column\" data-settings=\"{&quot;background_background&quot;:&quot;classic&quot;,&quot;animation&quot;:&quot;fadeIn&quot;}\">\n\t\t\t<div class=\"elementor-widget-wrap elementor-element-populated\">\n\t\t\t\t\t\t<div class=\"elementor-element elementor-element-51748106 animated-slow elementor-widget__width-initial elementor-invisible elementor-widget elementor-widget-heading\" data-id=\"51748106\" data-element_type=\"widget\" data-e-type=\"widget\" data-settings=\"{&quot;_animation&quot;:&quot;fadeInLeft&quot;}\" data-widget_type=\"heading.default\">\n\t\t\t\t<div class=\"elementor-widget-container\">\n\t\t\t\t\t<h1 class=\"elementor-heading-title elementor-size-default\">CONDIZIONI DI SOGGIORNO<\/h1>\t\t\t\t<\/div>\n\t\t\t\t<\/div>\n\t\t\t\t<div class=\"elementor-element elementor-element-677e30d5 elementor-view-default elementor-invisible elementor-widget elementor-widget-icon\" data-id=\"677e30d5\" data-element_type=\"widget\" data-e-type=\"widget\" data-settings=\"{&quot;_animation&quot;:&quot;fadeInDown&quot;}\" data-widget_type=\"icon.default\">\n\t\t\t\t<div class=\"elementor-widget-container\">\n\t\t\t\t\t\t\t<div class=\"elementor-icon-wrapper\">\n\t\t\t<a class=\"elementor-icon elementor-animation-wobble-vertical\" href=\"#arrowed\">\n\t\t\t<i aria-hidden=\"true\" class=\"fas fa-arrow-down\"><\/i>\t\t\t<\/a>\n\t\t<\/div>\n\t\t\t\t\t\t<\/div>\n\t\t\t\t<\/div>\n\t\t\t\t\t<\/div>\n\t\t<\/div>\n\t\t\t\t<div class=\"elementor-column elementor-col-25 elementor-top-column elementor-element elementor-element-2e444b4a\" data-id=\"2e444b4a\" data-element_type=\"column\" data-e-type=\"column\">\n\t\t\t<div class=\"elementor-widget-wrap elementor-element-populated\">\n\t\t\t\t\t\t<div class=\"elementor-element elementor-element-33d966eb animated-slow elementor-invisible elementor-widget elementor-widget-image\" data-id=\"33d966eb\" data-element_type=\"widget\" data-e-type=\"widget\" data-settings=\"{&quot;_animation&quot;:&quot;fadeIn&quot;,&quot;_animation_delay&quot;:20}\" data-widget_type=\"image.default\">\n\t\t\t\t<div class=\"elementor-widget-container\">\n\t\t\t\t\t\t\t\t\t\t\t\t\t\t\t<img fetchpriority=\"high\" decoding=\"async\" width=\"480\" height=\"853\" src=\"https:\/\/aenea-residences.gr\/wp-content\/uploads\/2024\/09\/Aenea-7-1.jpg\" class=\"attachment-full size-full wp-image-3019\" alt=\"\" srcset=\"https:\/\/aenea-residences.gr\/wp-content\/uploads\/2024\/09\/Aenea-7-1.jpg 480w, https:\/\/aenea-residences.gr\/wp-content\/uploads\/2024\/09\/Aenea-7-1-169x300.jpg 169w\" sizes=\"(max-width: 480px) 100vw, 480px\" \/>\t\t\t\t\t\t\t\t\t\t\t\t\t\t\t<\/div>\n\t\t\t\t<\/div>\n\t\t\t\t\t<\/div>\n\t\t<\/div>\n\t\t\t\t<div class=\"elementor-column elementor-col-25 elementor-top-column elementor-element elementor-element-4021e1fa\" data-id=\"4021e1fa\" data-element_type=\"column\" data-e-type=\"column\">\n\t\t\t<div class=\"elementor-widget-wrap elementor-element-populated\">\n\t\t\t\t\t\t<div class=\"elementor-element elementor-element-8bcc8bb elementor-widget-mobile__width-initial animated-slow elementor-widget-tablet__width-initial elementor-invisible elementor-widget elementor-widget-spacer\" data-id=\"8bcc8bb\" data-element_type=\"widget\" data-e-type=\"widget\" data-settings=\"{&quot;_animation&quot;:&quot;fadeInRight&quot;}\" data-widget_type=\"spacer.default\">\n\t\t\t\t<div class=\"elementor-widget-container\">\n\t\t\t\t\t\t\t<div class=\"elementor-spacer\">\n\t\t\t<div class=\"elementor-spacer-inner\"><\/div>\n\t\t<\/div>\n\t\t\t\t\t\t<\/div>\n\t\t\t\t<\/div>\n\t\t\t\t\t<\/div>\n\t\t<\/div>\n\t\t\t\t\t<\/div>\n\t\t<\/section>\n\t\t\t\t<section class=\"elementor-section elementor-top-section elementor-element elementor-element-912583 elementor-section-boxed elementor-section-height-default elementor-section-height-default\" data-id=\"912583\" data-element_type=\"section\" data-e-type=\"section\" data-settings=\"{&quot;background_background&quot;:&quot;classic&quot;}\">\n\t\t\t\t\t\t<div class=\"elementor-container elementor-column-gap-default\">\n\t\t\t\t\t<div class=\"elementor-column elementor-col-100 elementor-top-column elementor-element elementor-element-13d9e38f\" data-id=\"13d9e38f\" data-element_type=\"column\" data-e-type=\"column\">\n\t\t\t<div class=\"elementor-widget-wrap elementor-element-populated\">\n\t\t\t\t\t\t<div class=\"elementor-element elementor-element-7a089d41 elementor-widget elementor-widget-text-editor\" data-id=\"7a089d41\" data-element_type=\"widget\" data-e-type=\"widget\" id=\"arrowed\" data-widget_type=\"text-editor.default\">\n\t\t\t\t<div class=\"elementor-widget-container\">\n\t\t\t\t\t\t\t\t\t<ul><li>\u00c8 vietato l&#8217;uso dell&#8217;elettricit\u00e0 per scopi diversi dal funzionamento dell&#8217;appartamento stesso<br \/>(sistemi di illuminazione installati, elettrodomestici, raffreddamento &#8211; riscaldamento).<\/li><li>\u00c8 vietato posizionare qualsiasi tipo di oggetto o bagaglio nelle aree comuni dell&#8217;alloggio.<\/li><li>\u00c8 vietato spostare i mobili dell&#8217;appartamento o aggiungere altri mobili, praticare fori nelle pareti, nonch\u00e9 appendere poster, quadri o qualsiasi altro oggetto alle pareti in qualsiasi modo.<\/li><li>\u00c8 vietato tenere qualsiasi tipo di animale domestico all&#8217;interno dell&#8217;alloggio.<\/li><li>Sono vietati raduni di qualsiasi tipo e musica a un volume che provochi rumore o disturbi agli altri ospiti o ai proprietari delle case vicine.<\/li><li>Il cliente deve fare buon uso dell&#8217;appartamento e dei suoi apparecchi.<\/li><\/ul>\t\t\t\t\t\t\t\t<\/div>\n\t\t\t\t<\/div>\n\t\t\t\t\t<\/div>\n\t\t<\/div>\n\t\t\t\t\t<\/div>\n\t\t<\/section>\n\t\t\t\t<\/div>\n\t\t","protected":false},"excerpt":{"rendered":"<p>CONDIZIONI DI SOGGIORNO \u00c8 vietato l&#8217;uso dell&#8217;elettricit\u00e0 per scopi diversi dal funzionamento dell&#8217;appartamento stesso(sistemi di illuminazione installati, elettrodomestici, raffreddamento &#8211; riscaldamento). \u00c8 vietato posizionare qualsiasi tipo di oggetto o bagaglio nelle aree comuni dell&#8217;alloggio. \u00c8 vietato spostare i mobili dell&#8217;appartamento o aggiungere altri mobili, praticare fori nelle pareti, nonch\u00e9 appendere poster, quadri o qualsiasi altro [&hellip;]<\/p>\n","protected":false},"author":1,"featured_media":0,"parent":0,"menu_order":0,"comment_status":"closed","ping_status":"closed","template":"","meta":{"footnotes":""},"class_list":["post-3038","page","type-page","status-publish","hentry"],"aioseo_notices":[],"_links":{"self":[{"href":"https:\/\/aenea-residences.gr\/it\/wp-json\/wp\/v2\/pages\/3038","targetHints":{"allow":["GET"]}}],"collection":[{"href":"https:\/\/aenea-residences.gr\/it\/wp-json\/wp\/v2\/pages"}],"about":[{"href":"https:\/\/aenea-residences.gr\/it\/wp-json\/wp\/v2\/types\/page"}],"author":[{"embeddable":true,"href":"https:\/\/aenea-residences.gr\/it\/wp-json\/wp\/v2\/users\/1"}],"replies":[{"embeddable":true,"href":"https:\/\/aenea-residences.gr\/it\/wp-json\/wp\/v2\/comments?post=3038"}],"version-history":[{"count":5,"href":"https:\/\/aenea-residences.gr\/it\/wp-json\/wp\/v2\/pages\/3038\/revisions"}],"predecessor-version":[{"id":3371,"href":"https:\/\/aenea-residences.gr\/it\/wp-json\/wp\/v2\/pages\/3038\/revisions\/3371"}],"wp:attachment":[{"href":"https:\/\/aenea-residences.gr\/it\/wp-json\/wp\/v2\/media?parent=3038"}],"curies":[{"name":"wp","href":"https:\/\/api.w.org\/{rel}","templated":true}]}}