{"id":2834,"date":"2023-06-20T21:29:45","date_gmt":"2023-06-20T18:29:45","guid":{"rendered":"https:\/\/aenea-residences.gr\/resedinte-de-lux-aenea-apartamente-de-inchiriat\/"},"modified":"2024-09-28T09:05:02","modified_gmt":"2024-09-28T06:05:02","slug":"resedinte-de-lux-aenea-apartamente-de-inchiriat","status":"publish","type":"page","link":"https:\/\/aenea-residences.gr\/ro\/","title":{"rendered":"Re\u0219edin\u021be de lux Aenea &#8211; Apartamente de inchiriat"},"content":{"rendered":"\t\t<div data-elementor-type=\"wp-page\" data-elementor-id=\"2834\" class=\"elementor elementor-2834 elementor-7\" data-elementor-post-type=\"page\">\n\t\t\t\t\t\t<section class=\"elementor-section elementor-top-section elementor-element elementor-element-74c1f632 elementor-section-full_width elementor-section-height-min-height elementor-section-content-bottom elementor-section-items-bottom elementor-section-height-default\" data-id=\"74c1f632\" data-element_type=\"section\" data-e-type=\"section\" data-settings=\"{&quot;background_background&quot;:&quot;slideshow&quot;,&quot;background_slideshow_gallery&quot;:[{&quot;id&quot;:1169,&quot;url&quot;:&quot;https:\\\/\\\/aenea-residences.gr\\\/wp-content\\\/uploads\\\/2024\\\/06\\\/banner-1a.jpg&quot;},{&quot;id&quot;:937,&quot;url&quot;:&quot;https:\\\/\\\/aenea-residences.gr\\\/wp-content\\\/uploads\\\/2024\\\/06\\\/banner-2.jpg&quot;},{&quot;id&quot;:938,&quot;url&quot;:&quot;https:\\\/\\\/aenea-residences.gr\\\/wp-content\\\/uploads\\\/2024\\\/06\\\/banner3.jpg&quot;}],&quot;background_slideshow_loop&quot;:&quot;yes&quot;,&quot;background_slideshow_slide_duration&quot;:5000,&quot;background_slideshow_slide_transition&quot;:&quot;fade&quot;,&quot;background_slideshow_transition_duration&quot;:500}\">\n\t\t\t\t\t\t<div class=\"elementor-container elementor-column-gap-no\">\n\t\t\t\t\t<div class=\"elementor-column elementor-col-100 elementor-top-column elementor-element elementor-element-440fe549\" data-id=\"440fe549\" data-element_type=\"column\" data-e-type=\"column\">\n\t\t\t<div class=\"elementor-widget-wrap elementor-element-populated\">\n\t\t\t\t\t\t<div class=\"elementor-element elementor-element-861e2ed elementor-widget elementor-widget-theme-site-logo elementor-widget-image\" data-id=\"861e2ed\" data-element_type=\"widget\" data-e-type=\"widget\" data-widget_type=\"theme-site-logo.default\">\n\t\t\t\t<div class=\"elementor-widget-container\">\n\t\t\t\t\t\t\t\t\t\t\t<a href=\"https:\/\/aenea-residences.gr\/ro\/\">\n\t\t\t<img decoding=\"async\" width=\"1\" height=\"1\" src=\"https:\/\/aenea-residences.gr\/wp-content\/uploads\/2023\/06\/aenea-residences-logo2.svg\" class=\"attachment-thumbnail size-thumbnail wp-image-453\" alt=\"aenea residences logo\" \/>\t\t\t\t<\/a>\n\t\t\t\t\t\t\t\t\t\t\t<\/div>\n\t\t\t\t<\/div>\n\t\t\t\t<div class=\"elementor-element elementor-element-c636c66 elementor-widget__width-initial animated-slow e-transform elementor-invisible elementor-widget elementor-widget-heading\" data-id=\"c636c66\" data-element_type=\"widget\" data-e-type=\"widget\" data-settings=\"{&quot;_animation&quot;:&quot;fadeInUp&quot;,&quot;_animation_delay&quot;:80,&quot;_transform_scale_effect&quot;:{&quot;unit&quot;:&quot;px&quot;,&quot;size&quot;:0.6,&quot;sizes&quot;:[]},&quot;_transform_scale_effect_tablet&quot;:{&quot;unit&quot;:&quot;px&quot;,&quot;size&quot;:&quot;&quot;,&quot;sizes&quot;:[]},&quot;_transform_scale_effect_mobile&quot;:{&quot;unit&quot;:&quot;px&quot;,&quot;size&quot;:&quot;&quot;,&quot;sizes&quot;:[]}}\" data-widget_type=\"heading.default\">\n\t\t\t\t<div class=\"elementor-widget-container\">\n\t\t\t\t\t<h1 class=\"elementor-heading-title elementor-size-default\">Re\u0219edin\u021be de lux Aenea<\/h1>\t\t\t\t<\/div>\n\t\t\t\t<\/div>\n\t\t\t\t\t<\/div>\n\t\t<\/div>\n\t\t\t\t\t<\/div>\n\t\t<\/section>\n\t\t\t\t<section class=\"elementor-section elementor-top-section elementor-element elementor-element-5944100 elementor-section-full_width elementor-section-height-default elementor-section-height-default\" data-id=\"5944100\" data-element_type=\"section\" data-e-type=\"section\" data-settings=\"{&quot;background_background&quot;:&quot;classic&quot;}\">\n\t\t\t\t\t\t<div class=\"elementor-container elementor-column-gap-no\">\n\t\t\t\t\t<div class=\"elementor-column elementor-col-50 elementor-top-column elementor-element elementor-element-ba00343 animated-slow elementor-hidden-tablet elementor-hidden-mobile elementor-invisible\" data-id=\"ba00343\" data-element_type=\"column\" data-e-type=\"column\" data-settings=\"{&quot;background_background&quot;:&quot;classic&quot;,&quot;animation&quot;:&quot;fadeIn&quot;}\">\n\t\t\t<div class=\"elementor-widget-wrap elementor-element-populated\">\n\t\t\t\t\t\t<div class=\"elementor-element elementor-element-ae7c0af elementor-widget elementor-widget-spacer\" data-id=\"ae7c0af\" data-element_type=\"widget\" data-e-type=\"widget\" data-widget_type=\"spacer.default\">\n\t\t\t\t<div class=\"elementor-widget-container\">\n\t\t\t\t\t\t\t<div class=\"elementor-spacer\">\n\t\t\t<div class=\"elementor-spacer-inner\"><\/div>\n\t\t<\/div>\n\t\t\t\t\t\t<\/div>\n\t\t\t\t<\/div>\n\t\t\t\t\t<\/div>\n\t\t<\/div>\n\t\t\t\t<div class=\"elementor-column elementor-col-50 elementor-top-column elementor-element elementor-element-d1aa826\" data-id=\"d1aa826\" data-element_type=\"column\" data-e-type=\"column\">\n\t\t\t<div class=\"elementor-widget-wrap elementor-element-populated\">\n\t\t\t\t\t\t<div class=\"elementor-element elementor-element-c44be55 animated-slow elementor-invisible elementor-widget elementor-widget-heading\" data-id=\"c44be55\" data-element_type=\"widget\" data-e-type=\"widget\" data-settings=\"{&quot;_animation&quot;:&quot;fadeInRight&quot;,&quot;_animation_delay&quot;:80,&quot;_animation_tablet&quot;:&quot;fadeIn&quot;}\" data-widget_type=\"heading.default\">\n\t\t\t\t<div class=\"elementor-widget-container\">\n\t\t\t\t\t<h2 class=\"elementor-heading-title elementor-size-default\">Re\u0219edin\u021be de lux Aenea<\/h2>\t\t\t\t<\/div>\n\t\t\t\t<\/div>\n\t\t\t\t<div class=\"elementor-element elementor-element-511a9e8 animated-slow elementor-invisible elementor-widget elementor-widget-text-editor\" data-id=\"511a9e8\" data-element_type=\"widget\" data-e-type=\"widget\" data-settings=\"{&quot;_animation&quot;:&quot;fadeInRight&quot;,&quot;_animation_delay&quot;:300,&quot;_animation_tablet&quot;:&quot;fadeIn&quot;}\" data-widget_type=\"text-editor.default\">\n\t\t\t\t<div class=\"elementor-widget-container\">\n\t\t\t\t\t\t\t\t\t<p>Re\u0219edin\u021bele de lux Aenea sunt situate \u00een sta\u021biunea Michaniona, \u00een municipalitatea Thermaikos, unde a fost ora\u0219ul antic grec Aenea.<\/p>\n\t\t\t\t\t\t\t\t<\/div>\n\t\t\t\t<\/div>\n\t\t\t\t<div class=\"elementor-element elementor-element-5b78ed9 animated-slow elementor-invisible elementor-widget elementor-widget-text-editor\" data-id=\"5b78ed9\" data-element_type=\"widget\" data-e-type=\"widget\" data-settings=\"{&quot;_animation&quot;:&quot;fadeInRight&quot;,&quot;_animation_delay&quot;:300,&quot;_animation_tablet&quot;:&quot;fadeIn&quot;}\" data-widget_type=\"text-editor.default\">\n\t\t\t\t<div class=\"elementor-widget-container\">\n\t\t\t\t\t\t\t\t\t<p>Suntem o afacere de familie care iube\u0219te \u0219i cunoa\u0219te fiecare col\u021b al acestei zone.<\/p>\n<p>Proprietatea se afl\u0103 la aproximativ 15 km de aeroportul \u201eMacedonia\u201d (SKG) \u0219i la 30 km de centrul ora\u0219ului Salonic.<\/p>\n\t\t\t\t\t\t\t\t<\/div>\n\t\t\t\t<\/div>\n\t\t\t\t<div class=\"elementor-element elementor-element-40d2489 animated-slow elementor-invisible elementor-widget elementor-widget-text-editor\" data-id=\"40d2489\" data-element_type=\"widget\" data-e-type=\"widget\" data-settings=\"{&quot;_animation&quot;:&quot;fadeInRight&quot;,&quot;_animation_delay&quot;:300,&quot;_animation_tablet&quot;:&quot;fadeIn&quot;}\" data-widget_type=\"text-editor.default\">\n\t\t\t\t<div class=\"elementor-widget-container\">\n\t\t\t\t\t\t\t\t\t<p>Din primul moment \u00een care ajunge\u021bi la proprietatea privat\u0103, ve\u021bi observa c\u0103 aceasta se afl\u0103 \u00eentr-o zon\u0103 verde, at\u00e2t \u00een interiorul complexului, c\u00e2t \u0219i \u00een zona verde din jur, \u0219i la o distan\u021b\u0103 foarte scurt\u0103 de plaja Michaniona, cu vedere la Golful Thermaic \u0219i la unicii Olimp.<\/p>\n<p>\u00centr-un perimetru de maximum 350 m de proprietate, ve\u021bi g\u0103si centrul de s\u0103n\u0103tate Michaniona, o farmacie, un supermarket mare \u201eMasoutis\u201d \u0219i o serie de magazine diferite (restaurante, cafenele, baruri). Proprietatea const\u0103 \u00een 6 apartamente autonome \u0219i complet echipate, 2 la parter cu o capacitate de 4-5 paturi \u0219i patru la primul etaj cu o capacitate de 2-4 paturi, cu acces la parcare privat\u0103, spa\u021bii comune \u0219i spa\u021bii de<br \/>\ndepozitare auxiliare \u00een subsol.<\/p>\n<p>Apartamentele de la parter satisfac nevoile persoanelor cu dizabilit\u0103\u021bi, \u00een timp ce un lift este disponibil pentru accesul la primul etaj.<\/p>\n\t\t\t\t\t\t\t\t<\/div>\n\t\t\t\t<\/div>\n\t\t\t\t<div class=\"elementor-element elementor-element-1bea7ec elementor-widget elementor-widget-spacer\" data-id=\"1bea7ec\" data-element_type=\"widget\" data-e-type=\"widget\" data-widget_type=\"spacer.default\">\n\t\t\t\t<div class=\"elementor-widget-container\">\n\t\t\t\t\t\t\t<div class=\"elementor-spacer\">\n\t\t\t<div class=\"elementor-spacer-inner\"><\/div>\n\t\t<\/div>\n\t\t\t\t\t\t<\/div>\n\t\t\t\t<\/div>\n\t\t\t\t\t<\/div>\n\t\t<\/div>\n\t\t\t\t\t<\/div>\n\t\t<\/section>\n\t\t\t\t<section class=\"elementor-section elementor-top-section elementor-element elementor-element-df5b31d elementor-section-full_width elementor-section-height-default elementor-section-height-default\" data-id=\"df5b31d\" data-element_type=\"section\" data-e-type=\"section\">\n\t\t\t\t\t\t<div class=\"elementor-container elementor-column-gap-no\">\n\t\t\t\t\t<div class=\"elementor-column elementor-col-100 elementor-top-column elementor-element elementor-element-7e321be\" data-id=\"7e321be\" data-element_type=\"column\" data-e-type=\"column\">\n\t\t\t<div class=\"elementor-widget-wrap elementor-element-populated\">\n\t\t\t\t\t\t<div class=\"elementor-element elementor-element-c196a54 elementor-widget elementor-widget-gallery\" data-id=\"c196a54\" data-element_type=\"widget\" data-e-type=\"widget\" data-settings=\"{&quot;columns&quot;:2,&quot;gap&quot;:{&quot;unit&quot;:&quot;px&quot;,&quot;size&quot;:0,&quot;sizes&quot;:[]},&quot;lazyload&quot;:&quot;yes&quot;,&quot;gallery_layout&quot;:&quot;grid&quot;,&quot;columns_tablet&quot;:2,&quot;columns_mobile&quot;:1,&quot;gap_tablet&quot;:{&quot;unit&quot;:&quot;px&quot;,&quot;size&quot;:10,&quot;sizes&quot;:[]},&quot;gap_mobile&quot;:{&quot;unit&quot;:&quot;px&quot;,&quot;size&quot;:10,&quot;sizes&quot;:[]},&quot;aspect_ratio&quot;:&quot;3:2&quot;,&quot;content_hover_animation&quot;:&quot;fade-in&quot;}\" data-widget_type=\"gallery.default\">\n\t\t\t\t<div class=\"elementor-widget-container\">\n\t\t\t\t\t\t\t<div class=\"elementor-gallery__container\">\n\t\t\t\t\t\t\t<div class=\"e-gallery-item elementor-gallery-item elementor-animated-content\">\n\t\t\t\t\t<div class=\"e-gallery-image elementor-gallery-item__image\" data-thumbnail=\"https:\/\/aenea-residences.gr\/wp-content\/uploads\/2024\/05\/navagio.jpg\" data-width=\"1920\" data-height=\"1439\" aria-label=\"navagio\" role=\"img\" ><\/div>\n\t\t\t\t\t\t\t\t\t\t\t\t\t\t<\/div>\n\t\t\t\t\t\t\t<div class=\"e-gallery-item elementor-gallery-item elementor-animated-content\">\n\t\t\t\t\t<div class=\"e-gallery-image elementor-gallery-item__image\" data-thumbnail=\"https:\/\/aenea-residences.gr\/wp-content\/uploads\/2024\/05\/Epanomi-Beach.jpg\" data-width=\"1920\" data-height=\"1439\" aria-label=\"\" role=\"img\" ><\/div>\n\t\t\t\t\t\t\t\t\t\t\t\t\t\t<\/div>\n\t\t\t\t\t<\/div>\n\t\t\t\t\t<\/div>\n\t\t\t\t<\/div>\n\t\t\t\t\t<\/div>\n\t\t<\/div>\n\t\t\t\t\t<\/div>\n\t\t<\/section>\n\t\t\t\t<\/div>\n\t\t","protected":false},"excerpt":{"rendered":"<p>Re\u0219edin\u021be de lux Aenea Re\u0219edin\u021be de lux Aenea Re\u0219edin\u021bele de lux Aenea sunt situate \u00een sta\u021biunea Michaniona, \u00een municipalitatea Thermaikos, unde a fost ora\u0219ul antic grec Aenea. Suntem o afacere de familie care iube\u0219te \u0219i cunoa\u0219te fiecare col\u021b al acestei zone. Proprietatea se afl\u0103 la aproximativ 15 km de aeroportul \u201eMacedonia\u201d (SKG) \u0219i la 30 [&hellip;]<\/p>\n","protected":false},"author":1,"featured_media":0,"parent":0,"menu_order":0,"comment_status":"closed","ping_status":"closed","template":"","meta":{"footnotes":""},"class_list":["post-2834","page","type-page","status-publish","hentry"],"aioseo_notices":[],"_links":{"self":[{"href":"https:\/\/aenea-residences.gr\/ro\/wp-json\/wp\/v2\/pages\/2834","targetHints":{"allow":["GET"]}}],"collection":[{"href":"https:\/\/aenea-residences.gr\/ro\/wp-json\/wp\/v2\/pages"}],"about":[{"href":"https:\/\/aenea-residences.gr\/ro\/wp-json\/wp\/v2\/types\/page"}],"author":[{"embeddable":true,"href":"https:\/\/aenea-residences.gr\/ro\/wp-json\/wp\/v2\/users\/1"}],"replies":[{"embeddable":true,"href":"https:\/\/aenea-residences.gr\/ro\/wp-json\/wp\/v2\/comments?post=2834"}],"version-history":[{"count":4,"href":"https:\/\/aenea-residences.gr\/ro\/wp-json\/wp\/v2\/pages\/2834\/revisions"}],"predecessor-version":[{"id":3109,"href":"https:\/\/aenea-residences.gr\/ro\/wp-json\/wp\/v2\/pages\/2834\/revisions\/3109"}],"wp:attachment":[{"href":"https:\/\/aenea-residences.gr\/ro\/wp-json\/wp\/v2\/media?parent=2834"}],"curies":[{"name":"wp","href":"https:\/\/api.w.org\/{rel}","templated":true}]}}