{"id":2898,"date":"2023-06-20T21:29:45","date_gmt":"2023-06-20T18:29:45","guid":{"rendered":"https:\/\/aenea-residences.gr\/aenea-luks-rezidanslar-kiralik-daireler\/"},"modified":"2024-09-28T09:05:02","modified_gmt":"2024-09-28T06:05:02","slug":"aenea-luks-rezidanslar-kiralik-daireler","status":"publish","type":"page","link":"https:\/\/aenea-residences.gr\/tr\/","title":{"rendered":"Aenea L\u00fcks Rezidanslar &#8211; Kiral\u0131k Daireler"},"content":{"rendered":"\t\t<div data-elementor-type=\"wp-page\" data-elementor-id=\"2898\" class=\"elementor elementor-2898 elementor-7\" data-elementor-post-type=\"page\">\n\t\t\t\t\t\t<section class=\"elementor-section elementor-top-section elementor-element elementor-element-74c1f632 elementor-section-full_width elementor-section-height-min-height elementor-section-content-bottom elementor-section-items-bottom elementor-section-height-default\" data-id=\"74c1f632\" data-element_type=\"section\" data-e-type=\"section\" data-settings=\"{&quot;background_background&quot;:&quot;slideshow&quot;,&quot;background_slideshow_gallery&quot;:[{&quot;id&quot;:1169,&quot;url&quot;:&quot;https:\\\/\\\/aenea-residences.gr\\\/wp-content\\\/uploads\\\/2024\\\/06\\\/banner-1a.jpg&quot;},{&quot;id&quot;:937,&quot;url&quot;:&quot;https:\\\/\\\/aenea-residences.gr\\\/wp-content\\\/uploads\\\/2024\\\/06\\\/banner-2.jpg&quot;},{&quot;id&quot;:938,&quot;url&quot;:&quot;https:\\\/\\\/aenea-residences.gr\\\/wp-content\\\/uploads\\\/2024\\\/06\\\/banner3.jpg&quot;}],&quot;background_slideshow_loop&quot;:&quot;yes&quot;,&quot;background_slideshow_slide_duration&quot;:5000,&quot;background_slideshow_slide_transition&quot;:&quot;fade&quot;,&quot;background_slideshow_transition_duration&quot;:500}\">\n\t\t\t\t\t\t<div class=\"elementor-container elementor-column-gap-no\">\n\t\t\t\t\t<div class=\"elementor-column elementor-col-100 elementor-top-column elementor-element elementor-element-440fe549\" data-id=\"440fe549\" data-element_type=\"column\" data-e-type=\"column\">\n\t\t\t<div class=\"elementor-widget-wrap elementor-element-populated\">\n\t\t\t\t\t\t<div class=\"elementor-element elementor-element-861e2ed elementor-widget elementor-widget-theme-site-logo elementor-widget-image\" data-id=\"861e2ed\" data-element_type=\"widget\" data-e-type=\"widget\" data-widget_type=\"theme-site-logo.default\">\n\t\t\t\t<div class=\"elementor-widget-container\">\n\t\t\t\t\t\t\t\t\t\t\t<a href=\"https:\/\/aenea-residences.gr\/tr\/\">\n\t\t\t<img decoding=\"async\" width=\"1\" height=\"1\" src=\"https:\/\/aenea-residences.gr\/wp-content\/uploads\/2023\/06\/aenea-residences-logo2.svg\" class=\"attachment-thumbnail size-thumbnail wp-image-453\" alt=\"aenea residences logo\" \/>\t\t\t\t<\/a>\n\t\t\t\t\t\t\t\t\t\t\t<\/div>\n\t\t\t\t<\/div>\n\t\t\t\t<div class=\"elementor-element elementor-element-c636c66 elementor-widget__width-initial animated-slow e-transform elementor-invisible elementor-widget elementor-widget-heading\" data-id=\"c636c66\" data-element_type=\"widget\" data-e-type=\"widget\" data-settings=\"{&quot;_animation&quot;:&quot;fadeInUp&quot;,&quot;_animation_delay&quot;:80,&quot;_transform_scale_effect&quot;:{&quot;unit&quot;:&quot;px&quot;,&quot;size&quot;:0.6,&quot;sizes&quot;:[]},&quot;_transform_scale_effect_tablet&quot;:{&quot;unit&quot;:&quot;px&quot;,&quot;size&quot;:&quot;&quot;,&quot;sizes&quot;:[]},&quot;_transform_scale_effect_mobile&quot;:{&quot;unit&quot;:&quot;px&quot;,&quot;size&quot;:&quot;&quot;,&quot;sizes&quot;:[]}}\" data-widget_type=\"heading.default\">\n\t\t\t\t<div class=\"elementor-widget-container\">\n\t\t\t\t\t<h1 class=\"elementor-heading-title elementor-size-default\">Aenea L\u00fcks Rezidanslar<\/h1>\t\t\t\t<\/div>\n\t\t\t\t<\/div>\n\t\t\t\t\t<\/div>\n\t\t<\/div>\n\t\t\t\t\t<\/div>\n\t\t<\/section>\n\t\t\t\t<section class=\"elementor-section elementor-top-section elementor-element elementor-element-5944100 elementor-section-full_width elementor-section-height-default elementor-section-height-default\" data-id=\"5944100\" data-element_type=\"section\" data-e-type=\"section\" data-settings=\"{&quot;background_background&quot;:&quot;classic&quot;}\">\n\t\t\t\t\t\t<div class=\"elementor-container elementor-column-gap-no\">\n\t\t\t\t\t<div class=\"elementor-column elementor-col-50 elementor-top-column elementor-element elementor-element-ba00343 animated-slow elementor-hidden-tablet elementor-hidden-mobile elementor-invisible\" data-id=\"ba00343\" data-element_type=\"column\" data-e-type=\"column\" data-settings=\"{&quot;background_background&quot;:&quot;classic&quot;,&quot;animation&quot;:&quot;fadeIn&quot;}\">\n\t\t\t<div class=\"elementor-widget-wrap elementor-element-populated\">\n\t\t\t\t\t\t<div class=\"elementor-element elementor-element-ae7c0af elementor-widget elementor-widget-spacer\" data-id=\"ae7c0af\" data-element_type=\"widget\" data-e-type=\"widget\" data-widget_type=\"spacer.default\">\n\t\t\t\t<div class=\"elementor-widget-container\">\n\t\t\t\t\t\t\t<div class=\"elementor-spacer\">\n\t\t\t<div class=\"elementor-spacer-inner\"><\/div>\n\t\t<\/div>\n\t\t\t\t\t\t<\/div>\n\t\t\t\t<\/div>\n\t\t\t\t\t<\/div>\n\t\t<\/div>\n\t\t\t\t<div class=\"elementor-column elementor-col-50 elementor-top-column elementor-element elementor-element-d1aa826\" data-id=\"d1aa826\" data-element_type=\"column\" data-e-type=\"column\">\n\t\t\t<div class=\"elementor-widget-wrap elementor-element-populated\">\n\t\t\t\t\t\t<div class=\"elementor-element elementor-element-c44be55 animated-slow elementor-invisible elementor-widget elementor-widget-heading\" data-id=\"c44be55\" data-element_type=\"widget\" data-e-type=\"widget\" data-settings=\"{&quot;_animation&quot;:&quot;fadeInRight&quot;,&quot;_animation_delay&quot;:80,&quot;_animation_tablet&quot;:&quot;fadeIn&quot;}\" data-widget_type=\"heading.default\">\n\t\t\t\t<div class=\"elementor-widget-container\">\n\t\t\t\t\t<h2 class=\"elementor-heading-title elementor-size-default\">Aenea L\u00fcks Rezidanslar<\/h2>\t\t\t\t<\/div>\n\t\t\t\t<\/div>\n\t\t\t\t<div class=\"elementor-element elementor-element-511a9e8 animated-slow elementor-invisible elementor-widget elementor-widget-text-editor\" data-id=\"511a9e8\" data-element_type=\"widget\" data-e-type=\"widget\" data-settings=\"{&quot;_animation&quot;:&quot;fadeInRight&quot;,&quot;_animation_delay&quot;:300,&quot;_animation_tablet&quot;:&quot;fadeIn&quot;}\" data-widget_type=\"text-editor.default\">\n\t\t\t\t<div class=\"elementor-widget-container\">\n\t\t\t\t\t\t\t\t\t<p>Aenea l\u00fcks rezidanslar\u0131, antik Yunan kenti <a href=\"https:\/\/el.wikipedia.org\/wiki\/%CE%91%CE%AF%CE%BD%CE%B5%CE%B9%CE%B1\" target=\"_blank\" rel=\"noopener\">Aenea<\/a>&#8216;n\u0131n<br \/>\nbulundu\u011fu Thermaikos belediyesindeki Michaniona tatil<br \/>\nbeldesinde yer almaktad\u0131r.<\/p>\n\t\t\t\t\t\t\t\t<\/div>\n\t\t\t\t<\/div>\n\t\t\t\t<div class=\"elementor-element elementor-element-5b78ed9 animated-slow elementor-invisible elementor-widget elementor-widget-text-editor\" data-id=\"5b78ed9\" data-element_type=\"widget\" data-e-type=\"widget\" data-settings=\"{&quot;_animation&quot;:&quot;fadeInRight&quot;,&quot;_animation_delay&quot;:300,&quot;_animation_tablet&quot;:&quot;fadeIn&quot;}\" data-widget_type=\"text-editor.default\">\n\t\t\t\t<div class=\"elementor-widget-container\">\n\t\t\t\t\t\t\t\t\t<p>Bu b\u00f6lgenin her k\u00f6\u015fesini seven ve<br \/>\nbilen bir aile i\u015fletmesiyiz.<\/p>\n<p>Tesise &#8220;Macedonia&#8221; havaalan\u0131ndan (SKG) yakla\u015f\u0131k 15 km ve<br \/>\nSelanik merkezine 30 km uzakl\u0131ktad\u0131r.<\/p>\n\t\t\t\t\t\t\t\t<\/div>\n\t\t\t\t<\/div>\n\t\t\t\t<div class=\"elementor-element elementor-element-40d2489 animated-slow elementor-invisible elementor-widget elementor-widget-text-editor\" data-id=\"40d2489\" data-element_type=\"widget\" data-e-type=\"widget\" data-settings=\"{&quot;_animation&quot;:&quot;fadeInRight&quot;,&quot;_animation_delay&quot;:300,&quot;_animation_tablet&quot;:&quot;fadeIn&quot;}\" data-widget_type=\"text-editor.default\">\n\t\t\t\t<div class=\"elementor-widget-container\">\n\t\t\t\t\t\t\t\t\t<p>\u00d6zel m\u00fclke vard\u0131\u011f\u0131n\u0131z ilk andan itibaren, kompleksin i\u00e7inde<br \/>\nve \u00e7evresindeki ye\u015fil alanlarla, plajdan \u00e7ok k\u0131sa bir mesafede,<br \/>\nThermaik K\u00f6rfezi ve benzersiz Olimpos manzaral\u0131 ye\u015fil bir<br \/>\nalanda bulundu\u011funu fark edeceksiniz.<\/p>\n<p>Tesisten maksimum 350 metre mesafede, Michaniona sa\u011fl\u0131k<br \/>\nmerkezi, bir eczane, b\u00fcy\u00fck bir &#8220;Masoutis&#8221; s\u00fcpermarketi ve<br \/>\n\u00e7e\u015fitli ma\u011fazalar (restoranlar, kafeler, barlar) bulacaks\u0131n\u0131z.<\/p>\n<p>Tesis, 4-5 yatak kapasiteli zemin katta 2 ve 2-4 yatak<br \/>\nkapasiteli \u00fcst katta 4 olmak \u00fczere 6 ba\u011f\u0131ms\u0131z ve tam<br \/>\ndonan\u0131ml\u0131 daireden olu\u015fmaktad\u0131r. \u00d6zel otoparka, ortak<br \/>\nalanlara ve bodrumdaki yard\u0131mc\u0131 depolama alanlar\u0131na eri\u015fim<br \/>\nbulunmaktad\u0131r.<\/p>\n<p>Zemin kattaki daireler engellilerin ihtiya\u00e7lar\u0131n\u0131 kar\u015f\u0131lamakta<br \/>\nolup, \u00fcst kata eri\u015fim i\u00e7in bir asans\u00f6r mevcuttur.<\/p>\n\t\t\t\t\t\t\t\t<\/div>\n\t\t\t\t<\/div>\n\t\t\t\t<div class=\"elementor-element elementor-element-1bea7ec elementor-widget elementor-widget-spacer\" data-id=\"1bea7ec\" data-element_type=\"widget\" data-e-type=\"widget\" data-widget_type=\"spacer.default\">\n\t\t\t\t<div class=\"elementor-widget-container\">\n\t\t\t\t\t\t\t<div class=\"elementor-spacer\">\n\t\t\t<div class=\"elementor-spacer-inner\"><\/div>\n\t\t<\/div>\n\t\t\t\t\t\t<\/div>\n\t\t\t\t<\/div>\n\t\t\t\t\t<\/div>\n\t\t<\/div>\n\t\t\t\t\t<\/div>\n\t\t<\/section>\n\t\t\t\t<section class=\"elementor-section elementor-top-section elementor-element elementor-element-df5b31d elementor-section-full_width elementor-section-height-default elementor-section-height-default\" data-id=\"df5b31d\" data-element_type=\"section\" data-e-type=\"section\">\n\t\t\t\t\t\t<div class=\"elementor-container elementor-column-gap-no\">\n\t\t\t\t\t<div class=\"elementor-column elementor-col-100 elementor-top-column elementor-element elementor-element-7e321be\" data-id=\"7e321be\" data-element_type=\"column\" data-e-type=\"column\">\n\t\t\t<div class=\"elementor-widget-wrap elementor-element-populated\">\n\t\t\t\t\t\t<div class=\"elementor-element elementor-element-c196a54 elementor-widget elementor-widget-gallery\" data-id=\"c196a54\" data-element_type=\"widget\" data-e-type=\"widget\" data-settings=\"{&quot;columns&quot;:2,&quot;gap&quot;:{&quot;unit&quot;:&quot;px&quot;,&quot;size&quot;:0,&quot;sizes&quot;:[]},&quot;lazyload&quot;:&quot;yes&quot;,&quot;gallery_layout&quot;:&quot;grid&quot;,&quot;columns_tablet&quot;:2,&quot;columns_mobile&quot;:1,&quot;gap_tablet&quot;:{&quot;unit&quot;:&quot;px&quot;,&quot;size&quot;:10,&quot;sizes&quot;:[]},&quot;gap_mobile&quot;:{&quot;unit&quot;:&quot;px&quot;,&quot;size&quot;:10,&quot;sizes&quot;:[]},&quot;aspect_ratio&quot;:&quot;3:2&quot;,&quot;content_hover_animation&quot;:&quot;fade-in&quot;}\" data-widget_type=\"gallery.default\">\n\t\t\t\t<div class=\"elementor-widget-container\">\n\t\t\t\t\t\t\t<div class=\"elementor-gallery__container\">\n\t\t\t\t\t\t\t<div class=\"e-gallery-item elementor-gallery-item elementor-animated-content\">\n\t\t\t\t\t<div class=\"e-gallery-image elementor-gallery-item__image\" data-thumbnail=\"https:\/\/aenea-residences.gr\/wp-content\/uploads\/2024\/05\/navagio.jpg\" data-width=\"1920\" data-height=\"1439\" aria-label=\"navagio\" role=\"img\" ><\/div>\n\t\t\t\t\t\t\t\t\t\t\t\t\t\t<\/div>\n\t\t\t\t\t\t\t<div class=\"e-gallery-item elementor-gallery-item elementor-animated-content\">\n\t\t\t\t\t<div class=\"e-gallery-image elementor-gallery-item__image\" data-thumbnail=\"https:\/\/aenea-residences.gr\/wp-content\/uploads\/2024\/05\/Epanomi-Beach.jpg\" data-width=\"1920\" data-height=\"1439\" aria-label=\"\" role=\"img\" ><\/div>\n\t\t\t\t\t\t\t\t\t\t\t\t\t\t<\/div>\n\t\t\t\t\t<\/div>\n\t\t\t\t\t<\/div>\n\t\t\t\t<\/div>\n\t\t\t\t\t<\/div>\n\t\t<\/div>\n\t\t\t\t\t<\/div>\n\t\t<\/section>\n\t\t\t\t<\/div>\n\t\t","protected":false},"excerpt":{"rendered":"<p>Aenea L\u00fcks Rezidanslar Aenea L\u00fcks Rezidanslar Aenea l\u00fcks rezidanslar\u0131, antik Yunan kenti Aenea&#8216;n\u0131n bulundu\u011fu Thermaikos belediyesindeki Michaniona tatil beldesinde yer almaktad\u0131r. Bu b\u00f6lgenin her k\u00f6\u015fesini seven ve bilen bir aile i\u015fletmesiyiz. Tesise &#8220;Macedonia&#8221; havaalan\u0131ndan (SKG) yakla\u015f\u0131k 15 km ve Selanik merkezine 30 km uzakl\u0131ktad\u0131r. \u00d6zel m\u00fclke vard\u0131\u011f\u0131n\u0131z ilk andan itibaren, kompleksin i\u00e7inde ve \u00e7evresindeki ye\u015fil [&hellip;]<\/p>\n","protected":false},"author":1,"featured_media":0,"parent":0,"menu_order":0,"comment_status":"closed","ping_status":"closed","template":"","meta":{"footnotes":""},"class_list":["post-2898","page","type-page","status-publish","hentry"],"aioseo_notices":[],"_links":{"self":[{"href":"https:\/\/aenea-residences.gr\/tr\/wp-json\/wp\/v2\/pages\/2898","targetHints":{"allow":["GET"]}}],"collection":[{"href":"https:\/\/aenea-residences.gr\/tr\/wp-json\/wp\/v2\/pages"}],"about":[{"href":"https:\/\/aenea-residences.gr\/tr\/wp-json\/wp\/v2\/types\/page"}],"author":[{"embeddable":true,"href":"https:\/\/aenea-residences.gr\/tr\/wp-json\/wp\/v2\/users\/1"}],"replies":[{"embeddable":true,"href":"https:\/\/aenea-residences.gr\/tr\/wp-json\/wp\/v2\/comments?post=2898"}],"version-history":[{"count":2,"href":"https:\/\/aenea-residences.gr\/tr\/wp-json\/wp\/v2\/pages\/2898\/revisions"}],"predecessor-version":[{"id":3110,"href":"https:\/\/aenea-residences.gr\/tr\/wp-json\/wp\/v2\/pages\/2898\/revisions\/3110"}],"wp:attachment":[{"href":"https:\/\/aenea-residences.gr\/tr\/wp-json\/wp\/v2\/media?parent=2898"}],"curies":[{"name":"wp","href":"https:\/\/api.w.org\/{rel}","templated":true}]}}